{"id":483,"date":"2023-03-30T10:39:19","date_gmt":"2023-03-30T02:39:19","guid":{"rendered":"https:\/\/www.jntxgroup.com\/?page_id=483"},"modified":"2023-04-14T09:10:29","modified_gmt":"2023-04-14T01:10:29","slug":"linear-bearing","status":"publish","type":"page","link":"https:\/\/www.jntxgroup.com\/fr\/linear-bearing\/","title":{"rendered":"Palier lin\u00e9aire"},"content":{"rendered":"<style type=\"text\/css\" data-created_by=\"avia_inline_auto\" id=\"style-css-av-os4ma-f66c819dec306a83bdeb86f6766a5430\">\n.flex_column.av-os4ma-f66c819dec306a83bdeb86f6766a5430{\nborder-radius:0px 0px 0px 0px;\npadding:0px 0px 0px 0px;\n}\n<\/style>\n<div  class='flex_column av-os4ma-f66c819dec306a83bdeb86f6766a5430 av_two_fifth  avia-builder-el-0  el_before_av_three_fifth  avia-builder-el-first  first flex_column_div av-zero-column-padding'     ><style type=\"text\/css\" data-created_by=\"avia_inline_auto\" id=\"style-css-av-jw5zey2v-728fa7f9a90677ea5bd89dcd8453a377\">\n.avia-image-container.av-jw5zey2v-728fa7f9a90677ea5bd89dcd8453a377 img.avia_image{\nbox-shadow:none;\n}\n.avia-image-container.av-jw5zey2v-728fa7f9a90677ea5bd89dcd8453a377 .av-image-caption-overlay-center{\ncolor:#ffffff;\n}\n<\/style>\n<div  class='avia-image-container av-jw5zey2v-728fa7f9a90677ea5bd89dcd8453a377 av-styling- avia-align-center  avia-builder-el-1  avia-builder-el-no-sibling'   itemprop=\"image\" itemscope=\"itemscope\" itemtype=\"https:\/\/schema.org\/ImageObject\" ><div class=\"avia-image-container-inner\"><div class=\"avia-image-overlay-wrap\"><img decoding=\"async\" fetchpriority=\"high\" class='wp-image-482 avia-img-lazy-loading-not-482 avia_image' src=\"https:\/\/www.jntxgroup.com\/wp-content\/uploads\/2023\/03\/Linear-Bearing-TENGXIAO.jpg\" alt='Linear Bearing TENGXIAO' title='Roulement lin\u00e9aire TENGXIAO'  height=\"800\" width=\"800\"  itemprop=\"thumbnailUrl\" srcset=\"https:\/\/www.jntxgroup.com\/wp-content\/uploads\/2023\/03\/Linear-Bearing-TENGXIAO.jpg 800w, https:\/\/www.jntxgroup.com\/wp-content\/uploads\/2023\/03\/Linear-Bearing-TENGXIAO-300x300.jpg 300w, https:\/\/www.jntxgroup.com\/wp-content\/uploads\/2023\/03\/Linear-Bearing-TENGXIAO-80x80.jpg 80w, https:\/\/www.jntxgroup.com\/wp-content\/uploads\/2023\/03\/Linear-Bearing-TENGXIAO-768x768.jpg 768w, https:\/\/www.jntxgroup.com\/wp-content\/uploads\/2023\/03\/Linear-Bearing-TENGXIAO-36x36.jpg 36w, https:\/\/www.jntxgroup.com\/wp-content\/uploads\/2023\/03\/Linear-Bearing-TENGXIAO-180x180.jpg 180w, https:\/\/www.jntxgroup.com\/wp-content\/uploads\/2023\/03\/Linear-Bearing-TENGXIAO-705x705.jpg 705w\" sizes=\"(max-width: 800px) 100vw, 800px\" \/><\/div><\/div><\/div><\/div>\n\n<style type=\"text\/css\" data-created_by=\"avia_inline_auto\" id=\"style-css-av-mgvpe-a9bd653d703a0722f1d598444bb8b470\">\n.flex_column.av-mgvpe-a9bd653d703a0722f1d598444bb8b470{\nborder-radius:0px 0px 0px 0px;\npadding:0px 0px 0px 0px;\n}\n<\/style>\n<div  class='flex_column av-mgvpe-a9bd653d703a0722f1d598444bb8b470 av_three_fifth  avia-builder-el-2  el_after_av_two_fifth  el_before_av_one_full  flex_column_div av-zero-column-padding'     ><section  class='av_textblock_section av-jw5z8nwq-3fc3f88aabc1c6022c7ea0c6bc44c560'   itemscope=\"itemscope\" itemtype=\"https:\/\/schema.org\/CreativeWork\" ><div class='avia_textblock'  itemprop=\"text\" ><h2>Palier lin\u00e9aire Chine Fournisseurs<\/h2>\n<\/div><\/section><br \/>\n<section  class='av_textblock_section av-jw5z8nwq-3fc3f88aabc1c6022c7ea0c6bc44c560'   itemscope=\"itemscope\" itemtype=\"https:\/\/schema.org\/CreativeWork\" ><div class='avia_textblock'  itemprop=\"text\" ><p><span style=\"font-size: 12pt;\"><strong>Description d\u00e9taill\u00e9e :<\/strong><\/span><\/p>\n<p>S\u00e9rie : LM, LME, KH.<\/p>\n<p>Les roulements \u00e0 billes et les paliers lisses sont disponibles en version ouverte ou ferm\u00e9e. La version ouverte comporte un segment d\u00e9coup\u00e9 et est destin\u00e9e aux arbres support\u00e9s. Plusieurs s\u00e9ries permettent, en liaison avec les logements correspondants, de r\u00e9gler le jeu radial afin d'obtenir des syst\u00e8mes de guidage sans jeu ou pr\u00e9charg\u00e9s.<\/p>\n<\/div><\/section><br \/>\n<section  class='av_textblock_section av-jw5zflrb-7fe0a88b96018078f3ea54a5e420d040'   itemscope=\"itemscope\" itemtype=\"https:\/\/schema.org\/CreativeWork\" ><div class='avia_textblock'  itemprop=\"text\" ><p><strong><b>Caract\u00e9ristiques<\/b><\/strong><\/p>\n<ul>\n<li>Les paliers lin\u00e9aires et les unit\u00e9s de paliers lin\u00e9aires et de logements sont disponibles dans la gamme des paliers compacts, l\u00e9gers, lourds, usin\u00e9s et lisses. Les paliers peuvent supporter des charges \u00e9lev\u00e9es tout en ayant une masse relativement faible et permettent la construction de syst\u00e8mes de guidage lin\u00e9aire avec une course illimit\u00e9e.<\/li>\n<li>Chaque s\u00e9rie poss\u00e8de des caract\u00e9ristiques sp\u00e9cifiques qui la rendent particuli\u00e8rement adapt\u00e9e \u00e0 certaines applications. Il peut s'agir, par exemple, d'exigences en mati\u00e8re de compensation des d\u00e9salignements, de fonctionnement \u00e0 faible frottement, d'acc\u00e9l\u00e9rations et de vitesses de d\u00e9placement \u00e9lev\u00e9es ou de longue dur\u00e9e de vie.<\/li>\n<\/ul>\n<p>(3) La gamme, construite et d\u00e9velopp\u00e9e selon un concept modulaire, offre la meilleure solution technique et \u00e9conomique, en fonction de chaque application, pour les montages de roulements avec syst\u00e8mes de guidage d'arbres.<\/p>\n<\/div><\/section><\/p><\/div>\n\n<style type=\"text\/css\" data-created_by=\"avia_inline_auto\" id=\"style-css-av-hjmj6-cd0231623af0b3183921e1b0c7355e6d\">\n.flex_column.av-hjmj6-cd0231623af0b3183921e1b0c7355e6d{\nborder-radius:0px 0px 0px 0px;\npadding:0px 0px 0px 0px;\n}\n<\/style>\n<div  class='flex_column av-hjmj6-cd0231623af0b3183921e1b0c7355e6d av_one_full  avia-builder-el-6  el_after_av_three_fifth  avia-builder-el-last  first flex_column_div av-zero-column-padding'     ><section  class='av_textblock_section av-jw5zguos-9569b70affda079f6220b08f0faa71c4'   itemscope=\"itemscope\" itemtype=\"https:\/\/schema.org\/CreativeWork\" ><div class='avia_textblock'  itemprop=\"text\" ><h3>Produits relatifs aux roulements lin\u00e9aires<\/h3>\n<\/div><\/section><br \/>\n\n<style type=\"text\/css\" data-created_by=\"avia_inline_auto\" id=\"style-css-av-jw5zhqxn-69cdc7275bce40791406456b20e8b8d1\">\n#top .hr.av-jw5zhqxn-69cdc7275bce40791406456b20e8b8d1{\nmargin-top:2px;\nmargin-bottom:2px;\n}\n.hr.av-jw5zhqxn-69cdc7275bce40791406456b20e8b8d1 .hr-inner{\nwidth:160px;\nborder-color:#a81010;\n}\n<\/style>\n<div  class='hr av-jw5zhqxn-69cdc7275bce40791406456b20e8b8d1 hr-custom  avia-builder-el-8  el_after_av_textblock  el_before_av_portfolio  avia-builder-el-last  hr-left hr-icon-no'><span class='hr-inner inner-border-av-border-fat'><span class=\"hr-inner-style\"><\/span><\/span><\/div><br \/>\n<\/p><\/div>","protected":false},"excerpt":{"rendered":"","protected":false},"author":1,"featured_media":0,"parent":0,"menu_order":0,"comment_status":"closed","ping_status":"closed","template":"","meta":{"footnotes":""},"class_list":["post-483","page","type-page","status-publish","hentry"],"_links":{"self":[{"href":"https:\/\/www.jntxgroup.com\/fr\/wp-json\/wp\/v2\/pages\/483","targetHints":{"allow":["GET"]}}],"collection":[{"href":"https:\/\/www.jntxgroup.com\/fr\/wp-json\/wp\/v2\/pages"}],"about":[{"href":"https:\/\/www.jntxgroup.com\/fr\/wp-json\/wp\/v2\/types\/page"}],"author":[{"embeddable":true,"href":"https:\/\/www.jntxgroup.com\/fr\/wp-json\/wp\/v2\/users\/1"}],"replies":[{"embeddable":true,"href":"https:\/\/www.jntxgroup.com\/fr\/wp-json\/wp\/v2\/comments?post=483"}],"version-history":[{"count":5,"href":"https:\/\/www.jntxgroup.com\/fr\/wp-json\/wp\/v2\/pages\/483\/revisions"}],"predecessor-version":[{"id":497,"href":"https:\/\/www.jntxgroup.com\/fr\/wp-json\/wp\/v2\/pages\/483\/revisions\/497"}],"wp:attachment":[{"href":"https:\/\/www.jntxgroup.com\/fr\/wp-json\/wp\/v2\/media?parent=483"}],"curies":[{"name":"wp","href":"https:\/\/api.w.org\/{rel}","templated":true}]}}