{"id":256,"date":"2019-05-27T22:15:54","date_gmt":"2019-05-27T14:15:54","guid":{"rendered":"https:\/\/www.jntxgroup.com\/?page_id=256"},"modified":"2019-05-27T22:15:54","modified_gmt":"2019-05-27T14:15:54","slug":"faq","status":"publish","type":"page","link":"https:\/\/www.jntxgroup.com\/fr\/faq\/","title":{"rendered":"FAQ"},"content":{"rendered":"<style type=\"text\/css\" data-created_by=\"avia_inline_auto\" id=\"style-css-av-av_one_full-25347b0a799d5b9f7058434b2a9c3182\">\n.flex_column.av-av_one_full-25347b0a799d5b9f7058434b2a9c3182{\nborder-radius:0px 0px 0px 0px;\npadding:0px 0px 0px 0px;\n}\n<\/style>\n<div  class='flex_column av-av_one_full-25347b0a799d5b9f7058434b2a9c3182 av_one_full  avia-builder-el-0  avia-builder-el-no-sibling  first flex_column_div av-zero-column-padding'     ><div  class='togglecontainer av-jw6gfkq4-55f580b19f695711f27ee7fdf3d0e3bd  avia-builder-el-1  avia-builder-el-no-sibling' >\n<section class='av_toggle_section av-av_toggle-33c84525a470d94284ea31b59fe7efc3'  itemscope=\"itemscope\" itemtype=\"https:\/\/schema.org\/CreativeWork\" ><div role=\"tablist\" class=\"single_toggle\" data-tags=\"{Tout} \"  ><p data-fake-id='#toggle-id-1' class='toggler'  itemprop=\"headline\"  role='tab' tabindex='0' aria-controls='toggle-id-1'>Q : Avant l'installation, le roulement doit-il \u00eatre nettoy\u00e9 ?<span class=\"toggle_icon\"><span class=\"vert_icon\"><\/span><span class=\"hor_icon\"><\/span><\/span><\/p><div id='toggle-id-1' class='toggle_wrap'  ><div class='toggle_content invers-color'  itemprop=\"text\" ><p><span style=\"font-size: 12pt;\">R : La surface des roulements est recouverte d'une huile antirouille et doit donc \u00eatre nettoy\u00e9e avant l'installation. En revanche, les roulements \u00e9tanches ne n\u00e9cessitent aucun nettoyage avant l'installation.<\/span><\/p>\n<\/div><\/div><\/div><\/section>\n<section class='av_toggle_section av-av_toggle-bfe656982372ce5f9c5b277708437341'  itemscope=\"itemscope\" itemtype=\"https:\/\/schema.org\/CreativeWork\" ><div role=\"tablist\" class=\"single_toggle\" data-tags=\"{Tout} \"  ><p data-fake-id='#toggle-id-2' class='toggler'  itemprop=\"headline\"  role='tab' tabindex='0' aria-controls='toggle-id-2'>Q : Comment maintenir les roulements en stock ? <span class=\"toggle_icon\"><span class=\"vert_icon\"><\/span><span class=\"hor_icon\"><\/span><\/span><\/p><div id='toggle-id-2' class='toggle_wrap'  ><div class='toggle_content invers-color'  itemprop=\"text\" ><p><span style=\"font-size: 12pt;\">R : 1. Soufflez les roulements avec de l'air comprim\u00e9.<\/span><br \/>\n<span style=\"font-size: 12pt;\">2. D\u00e9poser une l\u00e9g\u00e8re goutte d'huile sur les roulements.<\/span><br \/>\n<span style=\"font-size: 12pt;\">3. Faire tourner les roulements pour s'assurer qu'ils ne sont pas rugueux.<\/span><\/p>\n<\/div><\/div><\/div><\/section>\n<section class='av_toggle_section av-av_toggle-f1cc09249f37c238d2e10ff405014e66'  itemscope=\"itemscope\" itemtype=\"https:\/\/schema.org\/CreativeWork\" ><div role=\"tablist\" class=\"single_toggle\" data-tags=\"{Tout} \"  ><p data-fake-id='#toggle-id-3' class='toggler'  itemprop=\"headline\"  role='tab' tabindex='0' aria-controls='toggle-id-3'>Q : Peut-on personnaliser les roulements ?<span class=\"toggle_icon\"><span class=\"vert_icon\"><\/span><span class=\"hor_icon\"><\/span><\/span><\/p><div id='toggle-id-3' class='toggle_wrap'  ><div class='toggle_content invers-color'  itemprop=\"text\" ><p><span style=\"font-size: 12pt;\">R : Oui, bien s\u00fbr. Nous pouvons personnaliser les roulements en fonction de vos besoins. Vous devez nous fournir certaines donn\u00e9es techniques telles que les dimensions, les marques, etc.<\/span><\/p>\n<\/div><\/div><\/div><\/section>\n<section class='av_toggle_section av-av_toggle-7b6bc88b328a651e5f34ba5393dfc59a'  itemscope=\"itemscope\" itemtype=\"https:\/\/schema.org\/CreativeWork\" ><div role=\"tablist\" class=\"single_toggle\" data-tags=\"{Tout} \"  ><p data-fake-id='#toggle-id-4' class='toggler'  itemprop=\"headline\"  role='tab' tabindex='0' aria-controls='toggle-id-4'>Q : Existe-t-il des r\u00e9ductions ?<span class=\"toggle_icon\"><span class=\"vert_icon\"><\/span><span class=\"hor_icon\"><\/span><\/span><\/p><div id='toggle-id-4' class='toggle_wrap'  ><div class='toggle_content invers-color'  itemprop=\"text\" ><p><span style=\"font-size: 12pt;\">R : En tant que distributeur, notre politique est que plus la commande est importante, plus la remise est \u00e9lev\u00e9e. Nous vous accorderons donc une remise en fonction de votre commande.<\/span><\/p>\n<\/div><\/div><\/div><\/section>\n<section class='av_toggle_section av-av_toggle-d2975b9c23ee7d7139c37e33ad89f0aa'  itemscope=\"itemscope\" itemtype=\"https:\/\/schema.org\/CreativeWork\" ><div role=\"tablist\" class=\"single_toggle\" data-tags=\"{Tout} \"  ><p data-fake-id='#toggle-id-5' class='toggler'  itemprop=\"headline\"  role='tab' tabindex='0' aria-controls='toggle-id-5'>Q : Avez-vous un service apr\u00e8s-vente\uff1f ?<span class=\"toggle_icon\"><span class=\"vert_icon\"><\/span><span class=\"hor_icon\"><\/span><\/span><\/p><div id='toggle-id-5' class='toggle_wrap'  ><div class='toggle_content invers-color'  itemprop=\"text\" ><p><span style=\"font-size: 12pt;\">R : Oui, nous sommes un fournisseur professionnel de roulements. Nous travaillons dans ce domaine depuis 20 ans et nous disposons de nombreux ing\u00e9nieurs techniques qui ont des connaissances et des techniques professionnelles. Nous vous fournirons une assistance technique et r\u00e9pondrons \u00e0 toutes vos questions.<\/span><\/p>\n<\/div><\/div><\/div><\/section>\n<\/div><\/div>","protected":false},"excerpt":{"rendered":"","protected":false},"author":1,"featured_media":0,"parent":0,"menu_order":0,"comment_status":"closed","ping_status":"closed","template":"","meta":{"footnotes":""},"class_list":["post-256","page","type-page","status-publish","hentry"],"_links":{"self":[{"href":"https:\/\/www.jntxgroup.com\/fr\/wp-json\/wp\/v2\/pages\/256","targetHints":{"allow":["GET"]}}],"collection":[{"href":"https:\/\/www.jntxgroup.com\/fr\/wp-json\/wp\/v2\/pages"}],"about":[{"href":"https:\/\/www.jntxgroup.com\/fr\/wp-json\/wp\/v2\/types\/page"}],"author":[{"embeddable":true,"href":"https:\/\/www.jntxgroup.com\/fr\/wp-json\/wp\/v2\/users\/1"}],"replies":[{"embeddable":true,"href":"https:\/\/www.jntxgroup.com\/fr\/wp-json\/wp\/v2\/comments?post=256"}],"version-history":[{"count":0,"href":"https:\/\/www.jntxgroup.com\/fr\/wp-json\/wp\/v2\/pages\/256\/revisions"}],"wp:attachment":[{"href":"https:\/\/www.jntxgroup.com\/fr\/wp-json\/wp\/v2\/media?parent=256"}],"curies":[{"name":"wp","href":"https:\/\/api.w.org\/{rel}","templated":true}]}}