{"id":148,"date":"2019-05-24T16:28:34","date_gmt":"2019-05-24T08:28:34","guid":{"rendered":"https:\/\/www.jntxgroup.com\/?page_id=148"},"modified":"2019-05-27T16:25:23","modified_gmt":"2019-05-27T08:25:23","slug":"taper-roller-bearing","status":"publish","type":"page","link":"https:\/\/www.jntxgroup.com\/fr\/taper-roller-bearing\/","title":{"rendered":"Roulement \u00e0 rouleaux coniques"},"content":{"rendered":"<style type=\"text\/css\" data-created_by=\"avia_inline_auto\" id=\"style-css-av-os4ma-f66c819dec306a83bdeb86f6766a5430\">\n.flex_column.av-os4ma-f66c819dec306a83bdeb86f6766a5430{\nborder-radius:0px 0px 0px 0px;\npadding:0px 0px 0px 0px;\n}\n<\/style>\n<div  class='flex_column av-os4ma-f66c819dec306a83bdeb86f6766a5430 av_two_fifth  avia-builder-el-0  el_before_av_three_fifth  avia-builder-el-first  first flex_column_div av-zero-column-padding'     ><style type=\"text\/css\" data-created_by=\"avia_inline_auto\" id=\"style-css-av-jw5zey2v-d125fca84caf66734c88ff8304a7a3b7\">\n.avia-image-container.av-jw5zey2v-d125fca84caf66734c88ff8304a7a3b7 img.avia_image{\nbox-shadow:none;\n}\n.avia-image-container.av-jw5zey2v-d125fca84caf66734c88ff8304a7a3b7 .av-image-caption-overlay-center{\ncolor:#ffffff;\n}\n<\/style>\n<div  class='avia-image-container av-jw5zey2v-d125fca84caf66734c88ff8304a7a3b7 av-styling- avia-align-center  avia-builder-el-1  avia-builder-el-no-sibling'   itemprop=\"image\" itemscope=\"itemscope\" itemtype=\"https:\/\/schema.org\/ImageObject\" ><div class=\"avia-image-container-inner\"><div class=\"avia-image-overlay-wrap\"><img decoding=\"async\" fetchpriority=\"high\" class='wp-image-113 avia-img-lazy-loading-not-113 avia_image' src=\"https:\/\/www.jntxgroup.com\/wp-content\/uploads\/2019\/05\/Taper-Roller-Bearing.jpg\" alt='Taper Roller Bearing' title='Roulement \u00e0 rouleaux coniques'  height=\"800\" width=\"800\"  itemprop=\"thumbnailUrl\" srcset=\"https:\/\/www.jntxgroup.com\/wp-content\/uploads\/2019\/05\/Taper-Roller-Bearing.jpg 800w, https:\/\/www.jntxgroup.com\/wp-content\/uploads\/2019\/05\/Taper-Roller-Bearing-80x80.jpg 80w, https:\/\/www.jntxgroup.com\/wp-content\/uploads\/2019\/05\/Taper-Roller-Bearing-300x300.jpg 300w, https:\/\/www.jntxgroup.com\/wp-content\/uploads\/2019\/05\/Taper-Roller-Bearing-768x768.jpg 768w, https:\/\/www.jntxgroup.com\/wp-content\/uploads\/2019\/05\/Taper-Roller-Bearing-36x36.jpg 36w, https:\/\/www.jntxgroup.com\/wp-content\/uploads\/2019\/05\/Taper-Roller-Bearing-180x180.jpg 180w, https:\/\/www.jntxgroup.com\/wp-content\/uploads\/2019\/05\/Taper-Roller-Bearing-705x705.jpg 705w, https:\/\/www.jntxgroup.com\/wp-content\/uploads\/2019\/05\/Taper-Roller-Bearing-120x120.jpg 120w, https:\/\/www.jntxgroup.com\/wp-content\/uploads\/2019\/05\/Taper-Roller-Bearing-450x450.jpg 450w\" sizes=\"(max-width: 800px) 100vw, 800px\" \/><\/div><\/div><\/div><\/div>\n<style type=\"text\/css\" data-created_by=\"avia_inline_auto\" id=\"style-css-av-mgvpe-a9bd653d703a0722f1d598444bb8b470\">\n.flex_column.av-mgvpe-a9bd653d703a0722f1d598444bb8b470{\nborder-radius:0px 0px 0px 0px;\npadding:0px 0px 0px 0px;\n}\n<\/style>\n<div  class='flex_column av-mgvpe-a9bd653d703a0722f1d598444bb8b470 av_three_fifth  avia-builder-el-2  el_after_av_two_fifth  el_before_av_one_full  flex_column_div av-zero-column-padding'     ><section  class='av_textblock_section av-jw5z8nwq-ef9b3d142fbc5ef42941a6ffa63d5131'   itemscope=\"itemscope\" itemtype=\"https:\/\/schema.org\/CreativeWork\" ><div class='avia_textblock'  itemprop=\"text\" ><h2>Roulements \u00e0 rouleaux coniques Fournisseurs chinois<\/h2>\n<\/div><\/section><br \/>\n<section  class='av_textblock_section av-jw5z8nwq-ef9b3d142fbc5ef42941a6ffa63d5131'   itemscope=\"itemscope\" itemtype=\"https:\/\/schema.org\/CreativeWork\" ><div class='avia_textblock'  itemprop=\"text\" ><p><strong><span style=\"font-size: 12pt;\">Description d\u00e9taill\u00e9e :<\/span><\/strong><\/p>\n<p><span style=\"font-size: 12pt;\">Series:30200,30300,31300,32300,33000.<\/span><\/p>\n<p><span style=\"font-size: 12pt;\">Les roulements \u00e0 rouleaux coniques sont g\u00e9n\u00e9ralement de conception s\u00e9parable et ont un c\u00f4ne et une cuvette coniques entre lesquels sont dispos\u00e9s des rouleaux coniques. Leur conception rend les roulements \u00e0 rouleaux coniques particuli\u00e8rement adapt\u00e9s pour supporter des charges combin\u00e9es (radiales et axiales).<\/span><\/p>\n<\/div><\/section><br \/>\n<section  class='av_textblock_section av-jw5zflrb-a23767aaca3f01c8e34225d530e7c5e7'   itemscope=\"itemscope\" itemtype=\"https:\/\/schema.org\/CreativeWork\" ><div class='avia_textblock'  itemprop=\"text\" ><p><span style=\"font-size: 12pt;\"><strong>Application :<\/strong> <\/span><\/p>\n<p><span style=\"font-size: 12pt;\">Mat\u00e9riel agricole, de construction et d'exploitation mini\u00e8re, syst\u00e8mes d'essieux divers, v\u00e9hicules de transport, bo\u00eetes de vitesses, moteurs, r\u00e9ducteurs, etc.<\/span><\/p>\n<\/div><\/section><\/p><\/div>\n<style type=\"text\/css\" data-created_by=\"avia_inline_auto\" id=\"style-css-av-hjmj6-cd0231623af0b3183921e1b0c7355e6d\">\n.flex_column.av-hjmj6-cd0231623af0b3183921e1b0c7355e6d{\nborder-radius:0px 0px 0px 0px;\npadding:0px 0px 0px 0px;\n}\n<\/style>\n<div  class='flex_column av-hjmj6-cd0231623af0b3183921e1b0c7355e6d av_one_full  avia-builder-el-6  el_after_av_three_fifth  avia-builder-el-last  first flex_column_div av-zero-column-padding'     ><section  class='av_textblock_section av-jw5zguos-f20e0f6fd5f5db85db0bd8b56cbb186c'   itemscope=\"itemscope\" itemtype=\"https:\/\/schema.org\/CreativeWork\" ><div class='avia_textblock'  itemprop=\"text\" ><h3>Produits connexes Roulements \u00e0 rouleaux coniques<\/h3>\n<\/div><\/section><br \/>\n\n<style type=\"text\/css\" data-created_by=\"avia_inline_auto\" id=\"style-css-av-jw5zhqxn-69cdc7275bce40791406456b20e8b8d1\">\n#top .hr.av-jw5zhqxn-69cdc7275bce40791406456b20e8b8d1{\nmargin-top:2px;\nmargin-bottom:2px;\n}\n.hr.av-jw5zhqxn-69cdc7275bce40791406456b20e8b8d1 .hr-inner{\nwidth:160px;\nborder-color:#a81010;\n}\n<\/style>\n<div  class='hr av-jw5zhqxn-69cdc7275bce40791406456b20e8b8d1 hr-custom  avia-builder-el-8  el_after_av_textblock  el_before_av_portfolio  avia-builder-el-last  hr-left hr-icon-no'><span class='hr-inner inner-border-av-border-fat'><span class=\"hr-inner-style\"><\/span><\/span><\/div><br \/>\n<\/p><\/div><\/p>","protected":false},"excerpt":{"rendered":"","protected":false},"author":1,"featured_media":0,"parent":0,"menu_order":0,"comment_status":"closed","ping_status":"closed","template":"","meta":{"footnotes":""},"class_list":["post-148","page","type-page","status-publish","hentry"],"_links":{"self":[{"href":"https:\/\/www.jntxgroup.com\/fr\/wp-json\/wp\/v2\/pages\/148","targetHints":{"allow":["GET"]}}],"collection":[{"href":"https:\/\/www.jntxgroup.com\/fr\/wp-json\/wp\/v2\/pages"}],"about":[{"href":"https:\/\/www.jntxgroup.com\/fr\/wp-json\/wp\/v2\/types\/page"}],"author":[{"embeddable":true,"href":"https:\/\/www.jntxgroup.com\/fr\/wp-json\/wp\/v2\/users\/1"}],"replies":[{"embeddable":true,"href":"https:\/\/www.jntxgroup.com\/fr\/wp-json\/wp\/v2\/comments?post=148"}],"version-history":[{"count":0,"href":"https:\/\/www.jntxgroup.com\/fr\/wp-json\/wp\/v2\/pages\/148\/revisions"}],"wp:attachment":[{"href":"https:\/\/www.jntxgroup.com\/fr\/wp-json\/wp\/v2\/media?parent=148"}],"curies":[{"name":"wp","href":"https:\/\/api.w.org\/{rel}","templated":true}]}}