{"id":142,"date":"2019-05-24T16:26:19","date_gmt":"2019-05-24T08:26:19","guid":{"rendered":"https:\/\/www.jntxgroup.com\/?page_id=142"},"modified":"2019-05-27T16:35:58","modified_gmt":"2019-05-27T08:35:58","slug":"pillow-block-bearing","status":"publish","type":"page","link":"https:\/\/www.jntxgroup.com\/fr\/pillow-block-bearing\/","title":{"rendered":"Roulement \u00e0 palier lisse"},"content":{"rendered":"<style type=\"text\/css\" data-created_by=\"avia_inline_auto\" id=\"style-css-av-os4ma-f66c819dec306a83bdeb86f6766a5430\">\n.flex_column.av-os4ma-f66c819dec306a83bdeb86f6766a5430{\nborder-radius:0px 0px 0px 0px;\npadding:0px 0px 0px 0px;\n}\n<\/style>\n<div  class='flex_column av-os4ma-f66c819dec306a83bdeb86f6766a5430 av_two_fifth  avia-builder-el-0  el_before_av_three_fifth  avia-builder-el-first  first flex_column_div av-zero-column-padding'     ><style type=\"text\/css\" data-created_by=\"avia_inline_auto\" id=\"style-css-av-jw5zey2v-33e41dbb7d456cc4e3b8a59387940e16\">\n.avia-image-container.av-jw5zey2v-33e41dbb7d456cc4e3b8a59387940e16 img.avia_image{\nbox-shadow:none;\n}\n.avia-image-container.av-jw5zey2v-33e41dbb7d456cc4e3b8a59387940e16 .av-image-caption-overlay-center{\ncolor:#ffffff;\n}\n<\/style>\n<div  class='avia-image-container av-jw5zey2v-33e41dbb7d456cc4e3b8a59387940e16 av-styling- avia-align-center  avia-builder-el-1  avia-builder-el-no-sibling'   itemprop=\"image\" itemscope=\"itemscope\" itemtype=\"https:\/\/schema.org\/ImageObject\" ><div class=\"avia-image-container-inner\"><div class=\"avia-image-overlay-wrap\"><img decoding=\"async\" fetchpriority=\"high\" class='wp-image-108 avia-img-lazy-loading-not-108 avia_image' src=\"https:\/\/www.jntxgroup.com\/wp-content\/uploads\/2019\/05\/Pillow-Block-Bearing.jpg\" alt='Pillow Block Bearing' title='Roulement \u00e0 palier lisse'  height=\"800\" width=\"800\"  itemprop=\"thumbnailUrl\" srcset=\"https:\/\/www.jntxgroup.com\/wp-content\/uploads\/2019\/05\/Pillow-Block-Bearing.jpg 800w, https:\/\/www.jntxgroup.com\/wp-content\/uploads\/2019\/05\/Pillow-Block-Bearing-80x80.jpg 80w, https:\/\/www.jntxgroup.com\/wp-content\/uploads\/2019\/05\/Pillow-Block-Bearing-300x300.jpg 300w, https:\/\/www.jntxgroup.com\/wp-content\/uploads\/2019\/05\/Pillow-Block-Bearing-768x768.jpg 768w, https:\/\/www.jntxgroup.com\/wp-content\/uploads\/2019\/05\/Pillow-Block-Bearing-36x36.jpg 36w, https:\/\/www.jntxgroup.com\/wp-content\/uploads\/2019\/05\/Pillow-Block-Bearing-180x180.jpg 180w, https:\/\/www.jntxgroup.com\/wp-content\/uploads\/2019\/05\/Pillow-Block-Bearing-705x705.jpg 705w, https:\/\/www.jntxgroup.com\/wp-content\/uploads\/2019\/05\/Pillow-Block-Bearing-120x120.jpg 120w, https:\/\/www.jntxgroup.com\/wp-content\/uploads\/2019\/05\/Pillow-Block-Bearing-450x450.jpg 450w\" sizes=\"(max-width: 800px) 100vw, 800px\" \/><\/div><\/div><\/div><\/div>\n<style type=\"text\/css\" data-created_by=\"avia_inline_auto\" id=\"style-css-av-mgvpe-a9bd653d703a0722f1d598444bb8b470\">\n.flex_column.av-mgvpe-a9bd653d703a0722f1d598444bb8b470{\nborder-radius:0px 0px 0px 0px;\npadding:0px 0px 0px 0px;\n}\n<\/style>\n<div  class='flex_column av-mgvpe-a9bd653d703a0722f1d598444bb8b470 av_three_fifth  avia-builder-el-2  el_after_av_two_fifth  el_before_av_one_full  flex_column_div av-zero-column-padding'     ><section  class='av_textblock_section av-jw5z8nwq-ef9b3d142fbc5ef42941a6ffa63d5131'   itemscope=\"itemscope\" itemtype=\"https:\/\/schema.org\/CreativeWork\" ><div class='avia_textblock'  itemprop=\"text\" ><h2>Roulements \u00e0 palier lisse Chine Fournisseurs<\/h2>\n<\/div><\/section><br \/>\n<section  class='av_textblock_section av-jw5z8nwq-ef9b3d142fbc5ef42941a6ffa63d5131'   itemscope=\"itemscope\" itemtype=\"https:\/\/schema.org\/CreativeWork\" ><div class='avia_textblock'  itemprop=\"text\" ><p><span style=\"font-size: 12pt;\"><strong>Description d\u00e9taill\u00e9e :<\/strong><\/span><\/p>\n<p><span style=\"font-size: 12pt;\">S\u00e9rie : UC,UCP,UCF,UCT,UCF,SA,SB,CS<\/span><\/p>\n<p><span style=\"font-size: 12pt;\">- Le palier \u00e0 semelle se compose d'un roulement \u00e0 billes et d'un bo\u00eetier. Le roulement \u00e0 billes est un roulement \u00e0 billes \u00e0 gorge profonde avec des bagues int\u00e9rieures larges, il est ins\u00e9r\u00e9 dans le bo\u00eetier et fonctionne comme un palier unitaire. Les bo\u00eetiers sont principalement en fonte ou en acier embouti. Les roulements sont de conception compacte avec des dispositifs d'\u00e9tanch\u00e9it\u00e9 parfaits, ils peuvent s'aligner facilement pendant le fonctionnement et peuvent \u00eatre mont\u00e9s ou d\u00e9mont\u00e9s de mani\u00e8re pratique.  Lorsqu'ils sont mont\u00e9s dans des logements appropri\u00e9s pour former des paliers fixes, ils sont capables de compenser les erreurs d'alignement initiales.<\/span><\/p>\n<p><span style=\"font-size: 12pt;\">- Ils permettent de r\u00e9aliser des montages de roulements simples et \u00e9conomiques. En raison de leurs caract\u00e9ristiques particuli\u00e8res, les paliers fixes sont utilis\u00e9s dans les machines agricoles, les \u00e9quipements de construction, les syst\u00e8mes de convoyage, les machines textiles et les ventilateurs, ainsi que dans les machines de traitement et d'emballage des aliments et des boissons.<\/span><\/p>\n<p><span style=\"font-size: 12pt;\">- Les paliers mont\u00e9s ne permettent pas de d\u00e9placement axial et ne conviennent donc pas aux montages de paliers libres. La distance entre les paliers doit donc \u00eatre courte, ou les paliers doivent \u00eatre fix\u00e9s \u00e0 des t\u00f4les \u00e9lastiques pour \u00e9viter qu'ils ne soient soumis \u00e0 des contraintes excessives, par exemple en raison de l'allongement thermique de l'arbre.\u00a0\u00a0<\/span><\/p>\n<\/div><\/section><br \/>\n<section  class='av_textblock_section av-jw5zflrb-a23767aaca3f01c8e34225d530e7c5e7'   itemscope=\"itemscope\" itemtype=\"https:\/\/schema.org\/CreativeWork\" ><div class='avia_textblock'  itemprop=\"text\" ><p><strong><span style=\"font-size: 12pt;\">Application :<\/span><\/strong><\/p>\n<p><span style=\"font-size: 12pt;\">Machines agricoles, machines de construction, machines textiles, machines de transformation des aliments, syst\u00e8mes de bandes transporteuses<\/span><\/p>\n<\/div><\/section><\/p><\/div>\n<style type=\"text\/css\" data-created_by=\"avia_inline_auto\" id=\"style-css-av-hjmj6-cd0231623af0b3183921e1b0c7355e6d\">\n.flex_column.av-hjmj6-cd0231623af0b3183921e1b0c7355e6d{\nborder-radius:0px 0px 0px 0px;\npadding:0px 0px 0px 0px;\n}\n<\/style>\n<div  class='flex_column av-hjmj6-cd0231623af0b3183921e1b0c7355e6d av_one_full  avia-builder-el-6  el_after_av_three_fifth  avia-builder-el-last  first flex_column_div av-zero-column-padding'     ><section  class='av_textblock_section av-jw5zguos-f20e0f6fd5f5db85db0bd8b56cbb186c'   itemscope=\"itemscope\" itemtype=\"https:\/\/schema.org\/CreativeWork\" ><div class='avia_textblock'  itemprop=\"text\" ><h3>Produits apparent\u00e9s paliers \u00e0 semelle<\/h3>\n<\/div><\/section><br \/>\n\n<style type=\"text\/css\" data-created_by=\"avia_inline_auto\" id=\"style-css-av-jw5zhqxn-69cdc7275bce40791406456b20e8b8d1\">\n#top .hr.av-jw5zhqxn-69cdc7275bce40791406456b20e8b8d1{\nmargin-top:2px;\nmargin-bottom:2px;\n}\n.hr.av-jw5zhqxn-69cdc7275bce40791406456b20e8b8d1 .hr-inner{\nwidth:160px;\nborder-color:#a81010;\n}\n<\/style>\n<div  class='hr av-jw5zhqxn-69cdc7275bce40791406456b20e8b8d1 hr-custom  avia-builder-el-8  el_after_av_textblock  el_before_av_portfolio  avia-builder-el-last  hr-left hr-icon-no'><span class='hr-inner inner-border-av-border-fat'><span class=\"hr-inner-style\"><\/span><\/span><\/div><br \/>\n<\/p><\/div><\/p>","protected":false},"excerpt":{"rendered":"","protected":false},"author":1,"featured_media":0,"parent":0,"menu_order":0,"comment_status":"closed","ping_status":"closed","template":"","meta":{"footnotes":""},"class_list":["post-142","page","type-page","status-publish","hentry"],"_links":{"self":[{"href":"https:\/\/www.jntxgroup.com\/fr\/wp-json\/wp\/v2\/pages\/142","targetHints":{"allow":["GET"]}}],"collection":[{"href":"https:\/\/www.jntxgroup.com\/fr\/wp-json\/wp\/v2\/pages"}],"about":[{"href":"https:\/\/www.jntxgroup.com\/fr\/wp-json\/wp\/v2\/types\/page"}],"author":[{"embeddable":true,"href":"https:\/\/www.jntxgroup.com\/fr\/wp-json\/wp\/v2\/users\/1"}],"replies":[{"embeddable":true,"href":"https:\/\/www.jntxgroup.com\/fr\/wp-json\/wp\/v2\/comments?post=142"}],"version-history":[{"count":0,"href":"https:\/\/www.jntxgroup.com\/fr\/wp-json\/wp\/v2\/pages\/142\/revisions"}],"wp:attachment":[{"href":"https:\/\/www.jntxgroup.com\/fr\/wp-json\/wp\/v2\/media?parent=142"}],"curies":[{"name":"wp","href":"https:\/\/api.w.org\/{rel}","templated":true}]}}