{"id":138,"date":"2019-05-24T16:25:14","date_gmt":"2019-05-24T08:25:14","guid":{"rendered":"https:\/\/www.jntxgroup.com\/?page_id=138"},"modified":"2024-07-22T11:31:50","modified_gmt":"2024-07-22T03:31:50","slug":"deep-groove-ball-bearing","status":"publish","type":"page","link":"https:\/\/www.jntxgroup.com\/fr\/deep-groove-ball-bearing\/","title":{"rendered":"Roulement \u00e0 billes \u00e0 gorge profonde"},"content":{"rendered":"<style type=\"text\/css\" data-created_by=\"avia_inline_auto\" id=\"style-css-av-os4ma-f66c819dec306a83bdeb86f6766a5430\">\n.flex_column.av-os4ma-f66c819dec306a83bdeb86f6766a5430{\nborder-radius:0px 0px 0px 0px;\npadding:0px 0px 0px 0px;\n}\n<\/style>\n<div  class='flex_column av-os4ma-f66c819dec306a83bdeb86f6766a5430 av_two_fifth  avia-builder-el-0  el_before_av_three_fifth  avia-builder-el-first  first flex_column_div av-zero-column-padding'     ><style type=\"text\/css\" data-created_by=\"avia_inline_auto\" id=\"style-css-av-jw5zey2v-3f795b4fbeb7c17cbaf84dcaf78c9d13\">\n.avia-image-container.av-jw5zey2v-3f795b4fbeb7c17cbaf84dcaf78c9d13 img.avia_image{\nbox-shadow:none;\n}\n.avia-image-container.av-jw5zey2v-3f795b4fbeb7c17cbaf84dcaf78c9d13 .av-image-caption-overlay-center{\ncolor:#ffffff;\n}\n<\/style>\n<div  class='avia-image-container av-jw5zey2v-3f795b4fbeb7c17cbaf84dcaf78c9d13 av-styling- avia-align-center  avia-builder-el-1  avia-builder-el-no-sibling'   itemprop=\"image\" itemscope=\"itemscope\" itemtype=\"https:\/\/schema.org\/ImageObject\" ><div class=\"avia-image-container-inner\"><div class=\"avia-image-overlay-wrap\"><img decoding=\"async\" fetchpriority=\"high\" class='wp-image-105 avia-img-lazy-loading-not-105 avia_image' src=\"https:\/\/www.jntxgroup.com\/wp-content\/uploads\/2019\/05\/Deep-Groove-Ball-Bearing.jpg\" alt='Deep Groove Ball Bearing' title='Roulement \u00e0 billes \u00e0 gorge profonde'  height=\"800\" width=\"800\"  itemprop=\"thumbnailUrl\" srcset=\"https:\/\/www.jntxgroup.com\/wp-content\/uploads\/2019\/05\/Deep-Groove-Ball-Bearing.jpg 800w, https:\/\/www.jntxgroup.com\/wp-content\/uploads\/2019\/05\/Deep-Groove-Ball-Bearing-80x80.jpg 80w, https:\/\/www.jntxgroup.com\/wp-content\/uploads\/2019\/05\/Deep-Groove-Ball-Bearing-300x300.jpg 300w, https:\/\/www.jntxgroup.com\/wp-content\/uploads\/2019\/05\/Deep-Groove-Ball-Bearing-768x768.jpg 768w, https:\/\/www.jntxgroup.com\/wp-content\/uploads\/2019\/05\/Deep-Groove-Ball-Bearing-36x36.jpg 36w, https:\/\/www.jntxgroup.com\/wp-content\/uploads\/2019\/05\/Deep-Groove-Ball-Bearing-180x180.jpg 180w, https:\/\/www.jntxgroup.com\/wp-content\/uploads\/2019\/05\/Deep-Groove-Ball-Bearing-705x705.jpg 705w, https:\/\/www.jntxgroup.com\/wp-content\/uploads\/2019\/05\/Deep-Groove-Ball-Bearing-120x120.jpg 120w, https:\/\/www.jntxgroup.com\/wp-content\/uploads\/2019\/05\/Deep-Groove-Ball-Bearing-450x450.jpg 450w\" sizes=\"(max-width: 800px) 100vw, 800px\" \/><\/div><\/div><\/div><\/div>\n\n<style type=\"text\/css\" data-created_by=\"avia_inline_auto\" id=\"style-css-av-mgvpe-a9bd653d703a0722f1d598444bb8b470\">\n.flex_column.av-mgvpe-a9bd653d703a0722f1d598444bb8b470{\nborder-radius:0px 0px 0px 0px;\npadding:0px 0px 0px 0px;\n}\n<\/style>\n<div  class='flex_column av-mgvpe-a9bd653d703a0722f1d598444bb8b470 av_three_fifth  avia-builder-el-2  el_after_av_two_fifth  el_before_av_one_full  flex_column_div av-zero-column-padding'     ><section  class='av_textblock_section av-jw5z8nwq-ef9b3d142fbc5ef42941a6ffa63d5131'   itemscope=\"itemscope\" itemtype=\"https:\/\/schema.org\/CreativeWork\" ><div class='avia_textblock'  itemprop=\"text\" ><h2>Roulements \u00e0 billes \u00e0 gorge profonde Fournisseurs chinois<\/h2>\n<\/div><\/section><br \/>\n<section  class='av_textblock_section av-jw5z8nwq-2-c962ec891c1ca6c5d470d8bc7545bfc3'   itemscope=\"itemscope\" itemtype=\"https:\/\/schema.org\/CreativeWork\" ><div class='avia_textblock'  itemprop=\"text\" ><p><span style=\"font-size: 12pt;\"><strong>Description d\u00e9taill\u00e9e :<\/strong><\/span><\/p>\n<ul>\n<li><span style=\"font-size: 12pt;\">S\u00e9rie : 6000,6200,6300,6400,6700,6800,6900,16000. <\/span><\/li>\n<li><span style=\"font-size: 12pt;\">Mod\u00e8le Open, Z, ZZ, RZ, 2RZ, RS, 2RS<\/span><\/li>\n<li><span style=\"font-size: 12pt;\">Une qualit\u00e9 conforme aux normes de l'industrie<\/span><\/li>\n<li><span style=\"font-size: 12pt;\">Types : DGBB \u00e0 une rang\u00e9e, DGBB \u00e0 deux rang\u00e9es, DGBB inoxydable, DGBB avec fentes de remplissage, DGBB \u00e0 une rang\u00e9e en acier inoxydable, DGBB hybride \u00e0 une rang\u00e9e, DGBB \u00e0 une rang\u00e9e pour haute temp\u00e9rature, roulements \u00e0 billes Ploymer, etc.\u00a0<\/span><\/li>\n<li><span style=\"font-size: 12pt;\">Le port est indissociable.<\/span><\/li>\n<\/ul>\n<\/div><\/section><br \/>\n<section  class='av_textblock_section av-jw5zflrb-a23767aaca3f01c8e34225d530e7c5e7'   itemscope=\"itemscope\" itemtype=\"https:\/\/schema.org\/CreativeWork\" ><div class='avia_textblock'  itemprop=\"text\" ><p><strong><span style=\"font-size: 12pt;\">Application : <\/span><\/strong><\/p>\n<p><span style=\"font-size: 12pt;\">Quilles, moteurs \u00e9lectriques, ascenseurs, chariots \u00e9l\u00e9vateurs, transformation du papier, outils \u00e9lectriques, machines d'imprimerie, pompes, machines textiles, travail du bois, etc.<\/span><\/p>\n<\/div><\/section><\/p><\/div>\n<div  class='flex_column av-11qwi-29ccb1be2d00885bc37a1db02cd5c3d4 av_one_full  avia-builder-el-6  el_after_av_three_fifth  el_before_av_one_full  first flex_column_div'     ><section  class='av_textblock_section av-lywfhs3c-d75f5e5a29b611e2c8dda30ce6519035'   itemscope=\"itemscope\" itemtype=\"https:\/\/schema.org\/CreativeWork\" ><div class='avia_textblock'  itemprop=\"text\" ><table width=\"886\">\n<tbody>\n<tr>\n<td width=\"112\">Type de palier<\/td>\n<td colspan=\"6\" rowspan=\"2\" width=\"204\">Caract\u00e9ristiques<\/td>\n<td colspan=\"3\" width=\"236\">Dimensions ext\u00e9rieures<\/td>\n<td colspan=\"2\" width=\"136\">Charge nominale<\/td>\n<td colspan=\"2\" width=\"130\">Vitesse de r\u00e9f\u00e9rence<\/td>\n<td rowspan=\"2\" width=\"68\">Poids<\/td>\n<\/tr>\n<tr>\n<td>Description<\/td>\n<td width=\"90\">Diam\u00e8tre interne d<\/td>\n<td width=\"92\">Diam\u00e8tre ext\u00e9rieur D<\/td>\n<td width=\"54\">Largeur<br \/>\nB<\/td>\n<td width=\"74\">Dynamique<br \/>\nCr<\/td>\n<td width=\"62\">Statique<br \/>\nC0r<\/td>\n<td>Graisse<\/td>\n<td>Lubrifiant<\/td>\n<\/tr>\n<tr>\n<td><\/td>\n<td>Z<\/td>\n<td>ZZ<\/td>\n<td>RS<\/td>\n<td>2RS<\/td>\n<td>2RZ<\/td>\n<td>NR<\/td>\n<td>mm<\/td>\n<td>mm<\/td>\n<td>mm<\/td>\n<td>kN<\/td>\n<td>kN<\/td>\n<td>RPM<\/td>\n<td>RPM<\/td>\n<td>kg<\/td>\n<\/tr>\n<tr>\n<td>6000<\/td>\n<td>-<\/td>\n<td>-<\/td>\n<td>-<\/td>\n<td>-<\/td>\n<td>-<\/td>\n<td>-<\/td>\n<td>10<\/td>\n<td>26<\/td>\n<td>8<\/td>\n<td>4.60<\/td>\n<td>2.00<\/td>\n<td>26000<\/td>\n<td>38000<\/td>\n<td>0.020<\/td>\n<\/tr>\n<tr>\n<td>6200<\/td>\n<td>-<\/td>\n<td>-<\/td>\n<td>-<\/td>\n<td>-<\/td>\n<td><\/td>\n<td>-<\/td>\n<td>10<\/td>\n<td>30<\/td>\n<td>9<\/td>\n<td>5.10<\/td>\n<td>2.40<\/td>\n<td>22000<\/td>\n<td>32000<\/td>\n<td>0.030<\/td>\n<\/tr>\n<tr>\n<td>6300<\/td>\n<td>-<\/td>\n<td>-<\/td>\n<td>-<\/td>\n<td>-<\/td>\n<td><\/td>\n<td>-<\/td>\n<td>10<\/td>\n<td>35<\/td>\n<td>11<\/td>\n<td>8.10<\/td>\n<td>3.50<\/td>\n<td>20000<\/td>\n<td>29000<\/td>\n<td>0.050<\/td>\n<\/tr>\n<tr>\n<td>6001<\/td>\n<td>-<\/td>\n<td>-<\/td>\n<td>-<\/td>\n<td>-<\/td>\n<td><\/td>\n<td>-<\/td>\n<td>12<\/td>\n<td>28<\/td>\n<td>8<\/td>\n<td>5.10<\/td>\n<td>2.40<\/td>\n<td>23000<\/td>\n<td>33000<\/td>\n<td>0.020<\/td>\n<\/tr>\n<tr>\n<td>6201<\/td>\n<td>-<\/td>\n<td>-<\/td>\n<td>-<\/td>\n<td>-<\/td>\n<td>-<\/td>\n<td>-<\/td>\n<td>12<\/td>\n<td>32<\/td>\n<td>10<\/td>\n<td>6.80<\/td>\n<td>3.00<\/td>\n<td>21000<\/td>\n<td>30000<\/td>\n<td>0.040<\/td>\n<\/tr>\n<tr>\n<td>6301<\/td>\n<td>-<\/td>\n<td>-<\/td>\n<td>-<\/td>\n<td>-<\/td>\n<td><\/td>\n<td>-<\/td>\n<td>12<\/td>\n<td>37<\/td>\n<td>12<\/td>\n<td>9.70<\/td>\n<td>4.20<\/td>\n<td>19000<\/td>\n<td>27000<\/td>\n<td>0.060<\/td>\n<\/tr>\n<tr>\n<td>6002<\/td>\n<td>-<\/td>\n<td>-<\/td>\n<td>-<\/td>\n<td>-<\/td>\n<td><\/td>\n<td>-<\/td>\n<td>15<\/td>\n<td>32<\/td>\n<td>9<\/td>\n<td>5.60<\/td>\n<td>2.80<\/td>\n<td>20000<\/td>\n<td>30000<\/td>\n<td>0.030<\/td>\n<\/tr>\n<tr>\n<td>6202<\/td>\n<td>-<\/td>\n<td>-<\/td>\n<td>-<\/td>\n<td>-<\/td>\n<td>-<\/td>\n<td>-<\/td>\n<td>15<\/td>\n<td>35<\/td>\n<td>11<\/td>\n<td>7.60<\/td>\n<td>3.70<\/td>\n<td>19000<\/td>\n<td>28000<\/td>\n<td>0.050<\/td>\n<\/tr>\n<tr>\n<td>6302<\/td>\n<td>-<\/td>\n<td>-<\/td>\n<td>-<\/td>\n<td>-<\/td>\n<td>-<\/td>\n<td>-<\/td>\n<td>15<\/td>\n<td>42<\/td>\n<td>13<\/td>\n<td>11.40<\/td>\n<td>5.40<\/td>\n<td>16000<\/td>\n<td>24000<\/td>\n<td>0.080<\/td>\n<\/tr>\n<tr>\n<td>6003<\/td>\n<td>-<\/td>\n<td>-<\/td>\n<td>-<\/td>\n<td>-<\/td>\n<td><\/td>\n<td>-<\/td>\n<td>17<\/td>\n<td>35<\/td>\n<td>10<\/td>\n<td>6.00<\/td>\n<td>3.30<\/td>\n<td>19000<\/td>\n<td>28000<\/td>\n<td>0.040<\/td>\n<\/tr>\n<tr>\n<td>6203<\/td>\n<td>-<\/td>\n<td>-<\/td>\n<td>-<\/td>\n<td>-<\/td>\n<td>-<\/td>\n<td>-<\/td>\n<td>17<\/td>\n<td>40<\/td>\n<td>12<\/td>\n<td>9.60<\/td>\n<td>4.80<\/td>\n<td>17000<\/td>\n<td>25000<\/td>\n<td>0.070<\/td>\n<\/tr>\n<tr>\n<td>6303<\/td>\n<td>-<\/td>\n<td>-<\/td>\n<td>-<\/td>\n<td>-<\/td>\n<td>-<\/td>\n<td>-<\/td>\n<td>17<\/td>\n<td>47<\/td>\n<td>14<\/td>\n<td>13.60<\/td>\n<td>6.60<\/td>\n<td>15000<\/td>\n<td>22000<\/td>\n<td>0.120<\/td>\n<\/tr>\n<tr>\n<td>6004<\/td>\n<td>-<\/td>\n<td>-<\/td>\n<td>-<\/td>\n<td>-<\/td>\n<td>-<\/td>\n<td>-<\/td>\n<td>20<\/td>\n<td>42<\/td>\n<td>12<\/td>\n<td>9.40<\/td>\n<td>5.00<\/td>\n<td>17000<\/td>\n<td>25000<\/td>\n<td>0.070<\/td>\n<\/tr>\n<tr>\n<td>6204<\/td>\n<td>-<\/td>\n<td>-<\/td>\n<td>-<\/td>\n<td>-<\/td>\n<td>-<\/td>\n<td>-<\/td>\n<td>20<\/td>\n<td>47<\/td>\n<td>14<\/td>\n<td>12.80<\/td>\n<td>6.60<\/td>\n<td>15000<\/td>\n<td>22000<\/td>\n<td>0.100<\/td>\n<\/tr>\n<tr>\n<td>6304<\/td>\n<td>-<\/td>\n<td>-<\/td>\n<td>-<\/td>\n<td>-<\/td>\n<td>-<\/td>\n<td>-<\/td>\n<td>20<\/td>\n<td>52<\/td>\n<td>15<\/td>\n<td>15.90<\/td>\n<td>7.80<\/td>\n<td>13000<\/td>\n<td>20000<\/td>\n<td>0.140<\/td>\n<\/tr>\n<tr>\n<td>6005<\/td>\n<td>-<\/td>\n<td>-<\/td>\n<td>-<\/td>\n<td>-<\/td>\n<td>-<\/td>\n<td>-<\/td>\n<td>25<\/td>\n<td>47<\/td>\n<td>12<\/td>\n<td>10.10<\/td>\n<td>5.80<\/td>\n<td>14000<\/td>\n<td>21000<\/td>\n<td>0.080<\/td>\n<\/tr>\n<tr>\n<td>6205<\/td>\n<td>-<\/td>\n<td>-<\/td>\n<td>-<\/td>\n<td>-<\/td>\n<td>-<\/td>\n<td>-<\/td>\n<td>25<\/td>\n<td>52<\/td>\n<td>15<\/td>\n<td>14.00<\/td>\n<td>7.90<\/td>\n<td>14000<\/td>\n<td>20000<\/td>\n<td>0.130<\/td>\n<\/tr>\n<tr>\n<td>6305<\/td>\n<td>-<\/td>\n<td>-<\/td>\n<td>-<\/td>\n<td>-<\/td>\n<td><\/td>\n<td>-<\/td>\n<td>25<\/td>\n<td>62<\/td>\n<td>17<\/td>\n<td>20.60<\/td>\n<td>11.20<\/td>\n<td>12000<\/td>\n<td>17000<\/td>\n<td>0.220<\/td>\n<\/tr>\n<tr>\n<td>6405<\/td>\n<td><\/td>\n<td><\/td>\n<td><\/td>\n<td><\/td>\n<td><\/td>\n<td>-<\/td>\n<td>25<\/td>\n<td>80<\/td>\n<td>21<\/td>\n<td>36.10<\/td>\n<td>18.80<\/td>\n<td>10000<\/td>\n<td>15000<\/td>\n<td>0.530<\/td>\n<\/tr>\n<tr>\n<td>6006<\/td>\n<td>-<\/td>\n<td>-<\/td>\n<td>-<\/td>\n<td>-<\/td>\n<td>-<\/td>\n<td>-<\/td>\n<td>30<\/td>\n<td>55<\/td>\n<td>13<\/td>\n<td>13.20<\/td>\n<td>8.30<\/td>\n<td>12000<\/td>\n<td>18000<\/td>\n<td>0.110<\/td>\n<\/tr>\n<tr>\n<td>6206<\/td>\n<td>-<\/td>\n<td>-<\/td>\n<td>-<\/td>\n<td>-<\/td>\n<td>-<\/td>\n<td>-<\/td>\n<td>30<\/td>\n<td>62<\/td>\n<td>16<\/td>\n<td>19.50<\/td>\n<td>11.30<\/td>\n<td>11000<\/td>\n<td>16000<\/td>\n<td>0.200<\/td>\n<\/tr>\n<tr>\n<td>6306<\/td>\n<td>-<\/td>\n<td>-<\/td>\n<td>-<\/td>\n<td>-<\/td>\n<td>-<\/td>\n<td>-<\/td>\n<td>30<\/td>\n<td>72<\/td>\n<td>19<\/td>\n<td>26.60<\/td>\n<td>15.00<\/td>\n<td>10000<\/td>\n<td>15000<\/td>\n<td>0.350<\/td>\n<\/tr>\n<tr>\n<td>6406<\/td>\n<td><\/td>\n<td><\/td>\n<td><\/td>\n<td><\/td>\n<td><\/td>\n<td>-<\/td>\n<td>30<\/td>\n<td>90<\/td>\n<td>3<\/td>\n<td>47.30<\/td>\n<td>24.50<\/td>\n<td>9300<\/td>\n<td>13000<\/td>\n<td>0.740<\/td>\n<\/tr>\n<tr>\n<td>6007<\/td>\n<td>-<\/td>\n<td>-<\/td>\n<td>-<\/td>\n<td>-<\/td>\n<td>-<\/td>\n<td>-<\/td>\n<td>35<\/td>\n<td>62<\/td>\n<td>14<\/td>\n<td>15.90<\/td>\n<td>10.30<\/td>\n<td>11000<\/td>\n<td>16000<\/td>\n<td>0.150<\/td>\n<\/tr>\n<tr>\n<td>6207<\/td>\n<td>-<\/td>\n<td>-<\/td>\n<td>-<\/td>\n<td>-<\/td>\n<td>-<\/td>\n<td>-<\/td>\n<td>35<\/td>\n<td>72<\/td>\n<td>17<\/td>\n<td>25.70<\/td>\n<td>15.30<\/td>\n<td>10000<\/td>\n<td>14000<\/td>\n<td>0.290<\/td>\n<\/tr>\n<tr>\n<td>6307<\/td>\n<td>-<\/td>\n<td>-<\/td>\n<td>-<\/td>\n<td>-<\/td>\n<td>-<\/td>\n<td>-<\/td>\n<td>35<\/td>\n<td>80<\/td>\n<td>21<\/td>\n<td>33.40<\/td>\n<td>19.20<\/td>\n<td>9300<\/td>\n<td>13000<\/td>\n<td>0.450<\/td>\n<\/tr>\n<tr>\n<td>6307M<\/td>\n<td><\/td>\n<td><\/td>\n<td><\/td>\n<td><\/td>\n<td><\/td>\n<td><\/td>\n<td>35<\/td>\n<td>80<\/td>\n<td>21<\/td>\n<td>33.40<\/td>\n<td>19.20<\/td>\n<td>9300<\/td>\n<td>13000<\/td>\n<td>0.550<\/td>\n<\/tr>\n<tr>\n<td>6407<\/td>\n<td><\/td>\n<td><\/td>\n<td><\/td>\n<td><\/td>\n<td><\/td>\n<td><\/td>\n<td>35<\/td>\n<td>100<\/td>\n<td>25<\/td>\n<td>55.50<\/td>\n<td>29.40<\/td>\n<td>8500<\/td>\n<td>12000<\/td>\n<td>0.950<\/td>\n<\/tr>\n<tr>\n<td>6008<\/td>\n<td>-<\/td>\n<td>-<\/td>\n<td>-<\/td>\n<td>-<\/td>\n<td>-<\/td>\n<td>-<\/td>\n<td>40<\/td>\n<td>68<\/td>\n<td>12<\/td>\n<td>16.80<\/td>\n<td>11.50<\/td>\n<td>10000<\/td>\n<td>15000<\/td>\n<td>0.190<\/td>\n<\/tr>\n<tr>\n<td>6208<\/td>\n<td>-<\/td>\n<td>-<\/td>\n<td>-<\/td>\n<td>-<\/td>\n<td>-<\/td>\n<td>-<\/td>\n<td>40<\/td>\n<td>80<\/td>\n<td>18<\/td>\n<td>29.50<\/td>\n<td>18.10<\/td>\n<td>8800<\/td>\n<td>13000<\/td>\n<td>0.370<\/td>\n<\/tr>\n<tr>\n<td>6308<\/td>\n<td>-<\/td>\n<td>-<\/td>\n<td>-<\/td>\n<td>-<\/td>\n<td>-<\/td>\n<td>-<\/td>\n<td>40<\/td>\n<td>90<\/td>\n<td>23<\/td>\n<td>40.70<\/td>\n<td>24.00<\/td>\n<td>8500<\/td>\n<td>12000<\/td>\n<td>0.640<\/td>\n<\/tr>\n<tr>\n<td>6408<\/td>\n<td><\/td>\n<td><\/td>\n<td><\/td>\n<td><\/td>\n<td><\/td>\n<td>-<\/td>\n<td>40<\/td>\n<td>110<\/td>\n<td>27<\/td>\n<td>63.70<\/td>\n<td>34.60<\/td>\n<td>7800<\/td>\n<td>11000<\/td>\n<td>1.250<\/td>\n<\/tr>\n<tr>\n<td>6009<\/td>\n<td>-<\/td>\n<td>-<\/td>\n<td>-<\/td>\n<td>-<\/td>\n<td>-<\/td>\n<td>-<\/td>\n<td>45<\/td>\n<td>75<\/td>\n<td>16<\/td>\n<td>19.90<\/td>\n<td>14.00<\/td>\n<td>9200<\/td>\n<td>13000<\/td>\n<td>0.230<\/td>\n<\/tr>\n<tr>\n<td>6209<\/td>\n<td>-<\/td>\n<td>-<\/td>\n<td>-<\/td>\n<td>-<\/td>\n<td><\/td>\n<td>-<\/td>\n<td>45<\/td>\n<td>85<\/td>\n<td>19<\/td>\n<td>31.20<\/td>\n<td>20.30<\/td>\n<td>8200<\/td>\n<td>12000<\/td>\n<td>0.420<\/td>\n<\/tr>\n<tr>\n<td>6309<\/td>\n<td>-<\/td>\n<td>-<\/td>\n<td>-<\/td>\n<td>-<\/td>\n<td>-<\/td>\n<td>-<\/td>\n<td>45<\/td>\n<td>100<\/td>\n<td>25<\/td>\n<td>48.80<\/td>\n<td>29.30<\/td>\n<td>7800<\/td>\n<td>11000<\/td>\n<td>0.840<\/td>\n<\/tr>\n<tr>\n<td>6309M<\/td>\n<td><\/td>\n<td><\/td>\n<td><\/td>\n<td>-<\/td>\n<td><\/td>\n<td><\/td>\n<td>45<\/td>\n<td>100<\/td>\n<td>25<\/td>\n<td>48.80<\/td>\n<td>29.30<\/td>\n<td>7800<\/td>\n<td>11000<\/td>\n<td>1.025<\/td>\n<\/tr>\n<tr>\n<td>6409<\/td>\n<td><\/td>\n<td><\/td>\n<td><\/td>\n<td><\/td>\n<td><\/td>\n<td>-<\/td>\n<td>45<\/td>\n<td>120<\/td>\n<td>29<\/td>\n<td>77.20<\/td>\n<td>45.20<\/td>\n<td>7200<\/td>\n<td>10000<\/td>\n<td>1.550<\/td>\n<\/tr>\n<tr>\n<td>6010<\/td>\n<td>-<\/td>\n<td>-<\/td>\n<td>-<\/td>\n<td>-<\/td>\n<td>-<\/td>\n<td>-<\/td>\n<td>50<\/td>\n<td>80<\/td>\n<td>16<\/td>\n<td>21.80<\/td>\n<td>16.50<\/td>\n<td>8300<\/td>\n<td>12000<\/td>\n<td>0.250<\/td>\n<\/tr>\n<tr>\n<td>6210<\/td>\n<td>-<\/td>\n<td>-<\/td>\n<td>-<\/td>\n<td>-<\/td>\n<td>-<\/td>\n<td>-<\/td>\n<td>50<\/td>\n<td>90<\/td>\n<td>20<\/td>\n<td>35.00<\/td>\n<td>23.20<\/td>\n<td>7700<\/td>\n<td>11000<\/td>\n<td>0.460<\/td>\n<\/tr>\n<tr>\n<td>6310<\/td>\n<td>-<\/td>\n<td>-<\/td>\n<td>-<\/td>\n<td>-<\/td>\n<td><\/td>\n<td>-<\/td>\n<td>50<\/td>\n<td>110<\/td>\n<td>27<\/td>\n<td>57.50<\/td>\n<td>35.30<\/td>\n<td>7200<\/td>\n<td>10000<\/td>\n<td>1.050<\/td>\n<\/tr>\n<tr>\n<td>6310M<\/td>\n<td><\/td>\n<td><\/td>\n<td><\/td>\n<td><\/td>\n<td><\/td>\n<td><\/td>\n<td>50<\/td>\n<td>110<\/td>\n<td>27<\/td>\n<td>57.50<\/td>\n<td>35.30<\/td>\n<td>7200<\/td>\n<td>1000<\/td>\n<td>1.260<\/td>\n<\/tr>\n<tr>\n<td>6410<\/td>\n<td><\/td>\n<td><\/td>\n<td><\/td>\n<td><\/td>\n<td><\/td>\n<td><\/td>\n<td>50<\/td>\n<td>130<\/td>\n<td>31<\/td>\n<td>83.10<\/td>\n<td>49.40<\/td>\n<td>6800<\/td>\n<td>9700<\/td>\n<td>1.900<\/td>\n<\/tr>\n<tr>\n<td>6011<\/td>\n<td>-<\/td>\n<td>-<\/td>\n<td>-<\/td>\n<td>-<\/td>\n<td><\/td>\n<td>-<\/td>\n<td>55<\/td>\n<td>90<\/td>\n<td>18<\/td>\n<td>28.30<\/td>\n<td>22.40<\/td>\n<td>7800<\/td>\n<td>11000<\/td>\n<td>0.360<\/td>\n<\/tr>\n<\/tbody>\n<\/table>\n<\/div><\/section><\/div>\n<style type=\"text\/css\" data-created_by=\"avia_inline_auto\" id=\"style-css-av-hjmj6-cd0231623af0b3183921e1b0c7355e6d\">\n.flex_column.av-hjmj6-cd0231623af0b3183921e1b0c7355e6d{\nborder-radius:0px 0px 0px 0px;\npadding:0px 0px 0px 0px;\n}\n<\/style>\n<div  class='flex_column av-hjmj6-cd0231623af0b3183921e1b0c7355e6d av_one_full  avia-builder-el-8  el_after_av_one_full  avia-builder-el-last  first flex_column_div av-zero-column-padding  column-top-margin'     ><section  class='av_textblock_section av-jw5zguos-f20e0f6fd5f5db85db0bd8b56cbb186c'   itemscope=\"itemscope\" itemtype=\"https:\/\/schema.org\/CreativeWork\" ><div class='avia_textblock'  itemprop=\"text\" ><h3>Produits connexes Roulements \u00e0 billes \u00e0 gorge profonde<\/h3>\n<\/div><\/section><br \/>\n\n<style type=\"text\/css\" data-created_by=\"avia_inline_auto\" id=\"style-css-av-jw5zhqxn-69cdc7275bce40791406456b20e8b8d1\">\n#top .hr.av-jw5zhqxn-69cdc7275bce40791406456b20e8b8d1{\nmargin-top:2px;\nmargin-bottom:2px;\n}\n.hr.av-jw5zhqxn-69cdc7275bce40791406456b20e8b8d1 .hr-inner{\nwidth:160px;\nborder-color:#a81010;\n}\n<\/style>\n<div  class='hr av-jw5zhqxn-69cdc7275bce40791406456b20e8b8d1 hr-custom  avia-builder-el-10  el_after_av_textblock  el_before_av_portfolio  avia-builder-el-last  hr-left hr-icon-no'><span class='hr-inner inner-border-av-border-fat'><span class=\"hr-inner-style\"><\/span><\/span><\/div><br \/>\n<\/p><\/div><\/p>","protected":false},"excerpt":{"rendered":"","protected":false},"author":1,"featured_media":0,"parent":0,"menu_order":0,"comment_status":"closed","ping_status":"closed","template":"","meta":{"footnotes":""},"class_list":["post-138","page","type-page","status-publish","hentry"],"_links":{"self":[{"href":"https:\/\/www.jntxgroup.com\/fr\/wp-json\/wp\/v2\/pages\/138","targetHints":{"allow":["GET"]}}],"collection":[{"href":"https:\/\/www.jntxgroup.com\/fr\/wp-json\/wp\/v2\/pages"}],"about":[{"href":"https:\/\/www.jntxgroup.com\/fr\/wp-json\/wp\/v2\/types\/page"}],"author":[{"embeddable":true,"href":"https:\/\/www.jntxgroup.com\/fr\/wp-json\/wp\/v2\/users\/1"}],"replies":[{"embeddable":true,"href":"https:\/\/www.jntxgroup.com\/fr\/wp-json\/wp\/v2\/comments?post=138"}],"version-history":[{"count":3,"href":"https:\/\/www.jntxgroup.com\/fr\/wp-json\/wp\/v2\/pages\/138\/revisions"}],"predecessor-version":[{"id":596,"href":"https:\/\/www.jntxgroup.com\/fr\/wp-json\/wp\/v2\/pages\/138\/revisions\/596"}],"wp:attachment":[{"href":"https:\/\/www.jntxgroup.com\/fr\/wp-json\/wp\/v2\/media?parent=138"}],"curies":[{"name":"wp","href":"https:\/\/api.w.org\/{rel}","templated":true}]}}