{"id":136,"date":"2019-05-24T16:24:28","date_gmt":"2019-05-24T08:24:28","guid":{"rendered":"https:\/\/www.jntxgroup.com\/?page_id=136"},"modified":"2019-05-27T15:09:11","modified_gmt":"2019-05-27T07:09:11","slug":"angular-contact-ball-bearing","status":"publish","type":"page","link":"https:\/\/www.jntxgroup.com\/fr\/angular-contact-ball-bearing\/","title":{"rendered":"Roulement \u00e0 billes \u00e0 contact oblique"},"content":{"rendered":"<style type=\"text\/css\" data-created_by=\"avia_inline_auto\" id=\"style-css-av-os4ma-f66c819dec306a83bdeb86f6766a5430\">\n.flex_column.av-os4ma-f66c819dec306a83bdeb86f6766a5430{\nborder-radius:0px 0px 0px 0px;\npadding:0px 0px 0px 0px;\n}\n<\/style>\n<div  class='flex_column av-os4ma-f66c819dec306a83bdeb86f6766a5430 av_two_fifth  avia-builder-el-0  el_before_av_three_fifth  avia-builder-el-first  first flex_column_div av-zero-column-padding'     ><style type=\"text\/css\" data-created_by=\"avia_inline_auto\" id=\"style-css-av-jw5zey2v-10d522c122be7353aa1a415f403b3883\">\n.avia-image-container.av-jw5zey2v-10d522c122be7353aa1a415f403b3883 img.avia_image{\nbox-shadow:none;\n}\n.avia-image-container.av-jw5zey2v-10d522c122be7353aa1a415f403b3883 .av-image-caption-overlay-center{\ncolor:#ffffff;\n}\n<\/style>\n<div  class='avia-image-container av-jw5zey2v-10d522c122be7353aa1a415f403b3883 av-styling- avia-align-center  avia-builder-el-1  avia-builder-el-no-sibling'   itemprop=\"image\" itemscope=\"itemscope\" itemtype=\"https:\/\/schema.org\/ImageObject\" ><div class=\"avia-image-container-inner\"><div class=\"avia-image-overlay-wrap\"><img decoding=\"async\" fetchpriority=\"high\" class='wp-image-103 avia-img-lazy-loading-not-103 avia_image' src=\"https:\/\/www.jntxgroup.com\/wp-content\/uploads\/2019\/05\/Angular-Contact-Ball-Bearing.jpg\" alt='Angular Contact Ball Bearing' title='Roulement \u00e0 billes \u00e0 contact oblique'  height=\"800\" width=\"800\"  itemprop=\"thumbnailUrl\" srcset=\"https:\/\/www.jntxgroup.com\/wp-content\/uploads\/2019\/05\/Angular-Contact-Ball-Bearing.jpg 800w, https:\/\/www.jntxgroup.com\/wp-content\/uploads\/2019\/05\/Angular-Contact-Ball-Bearing-80x80.jpg 80w, https:\/\/www.jntxgroup.com\/wp-content\/uploads\/2019\/05\/Angular-Contact-Ball-Bearing-300x300.jpg 300w, https:\/\/www.jntxgroup.com\/wp-content\/uploads\/2019\/05\/Angular-Contact-Ball-Bearing-768x768.jpg 768w, https:\/\/www.jntxgroup.com\/wp-content\/uploads\/2019\/05\/Angular-Contact-Ball-Bearing-36x36.jpg 36w, https:\/\/www.jntxgroup.com\/wp-content\/uploads\/2019\/05\/Angular-Contact-Ball-Bearing-180x180.jpg 180w, https:\/\/www.jntxgroup.com\/wp-content\/uploads\/2019\/05\/Angular-Contact-Ball-Bearing-705x705.jpg 705w, https:\/\/www.jntxgroup.com\/wp-content\/uploads\/2019\/05\/Angular-Contact-Ball-Bearing-120x120.jpg 120w, https:\/\/www.jntxgroup.com\/wp-content\/uploads\/2019\/05\/Angular-Contact-Ball-Bearing-450x450.jpg 450w\" sizes=\"(max-width: 800px) 100vw, 800px\" \/><\/div><\/div><\/div><\/div>\n<style type=\"text\/css\" data-created_by=\"avia_inline_auto\" id=\"style-css-av-mgvpe-a9bd653d703a0722f1d598444bb8b470\">\n.flex_column.av-mgvpe-a9bd653d703a0722f1d598444bb8b470{\nborder-radius:0px 0px 0px 0px;\npadding:0px 0px 0px 0px;\n}\n<\/style>\n<div  class='flex_column av-mgvpe-a9bd653d703a0722f1d598444bb8b470 av_three_fifth  avia-builder-el-2  el_after_av_two_fifth  el_before_av_one_full  flex_column_div av-zero-column-padding'     ><section  class='av_textblock_section av-jw5z8nwq-ef9b3d142fbc5ef42941a6ffa63d5131'   itemscope=\"itemscope\" itemtype=\"https:\/\/schema.org\/CreativeWork\" ><div class='avia_textblock'  itemprop=\"text\" ><h2>Roulement \u00e0 billes \u00e0 contact oblique Chine Fournisseurs<\/h2>\n<\/div><\/section><br \/>\n<section  class='av_textblock_section av-jw5z8nwq-ef9b3d142fbc5ef42941a6ffa63d5131'   itemscope=\"itemscope\" itemtype=\"https:\/\/schema.org\/CreativeWork\" ><div class='avia_textblock'  itemprop=\"text\" ><p><strong><span style=\"font-size: 12pt;\">Description d\u00e9taill\u00e9e :<\/span><\/strong><\/p>\n<ul>\n<li><span style=\"font-size: 12pt;\">S\u00e9rie : 3200, 3300, 5200, 5300, 7000,7200,7300,7900 <\/span><\/li>\n<li><span style=\"font-size: 12pt;\">Type : A, B, C, DB, DF, DT<\/span><\/li>\n<li><span style=\"font-size: 12pt;\">Cage : nylon ou acier<\/span><\/li>\n<li><span style=\"font-size: 12pt;\">Mat\u00e9riau : GCr15SiMn<\/span><\/li>\n<li><span style=\"font-size: 12pt;\">Roulement \u00e0 billes \u00e0 contact oblique \u00e0 une rang\u00e9e et roulement \u00e0 billes \u00e0 contact oblique \u00e0 deux rang\u00e9es<\/span><\/li>\n<li><span style=\"font-size: 12pt;\">Les roulements \u00e0 billes \u00e0 contact oblique ont des chemins de roulement dans les bagues int\u00e9rieure et ext\u00e9rieure qui sont d\u00e9plac\u00e9s l'un par rapport \u00e0 l'autre dans la direction de l'axe du roulement.<\/span><\/li>\n<li><span style=\"font-size: 12pt;\">Cela signifie qu'ils sont con\u00e7us pour supporter des charges combin\u00e9es, c'est-\u00e0-dire des charges radiales et axiales agissant simultan\u00e9ment.<\/span><\/li>\n<li><span style=\"font-size: 12pt;\">La capacit\u00e9 de charge axiale des roulements \u00e0 billes \u00e0 contact oblique augmente avec l'angle de contact. L'angle de contact \u03b1 est d\u00e9fini comme l'angle entre la ligne joignant les points de contact de la bille et des chemins de roulement dans le plan radial, le long duquel la charge est transmise d'un chemin de roulement \u00e0 l'autre, et une ligne perpendiculaire \u00e0 l'axe du roulement.<\/span><\/li>\n<\/ul>\n<\/div><\/section><\/p><\/div>\n<style type=\"text\/css\" data-created_by=\"avia_inline_auto\" id=\"style-css-av-hjmj6-cd0231623af0b3183921e1b0c7355e6d\">\n.flex_column.av-hjmj6-cd0231623af0b3183921e1b0c7355e6d{\nborder-radius:0px 0px 0px 0px;\npadding:0px 0px 0px 0px;\n}\n<\/style>\n<div  class='flex_column av-hjmj6-cd0231623af0b3183921e1b0c7355e6d av_one_full  avia-builder-el-5  el_after_av_three_fifth  avia-builder-el-last  first flex_column_div av-zero-column-padding'     ><section  class='av_textblock_section av-jw5zguos-f20e0f6fd5f5db85db0bd8b56cbb186c'   itemscope=\"itemscope\" itemtype=\"https:\/\/schema.org\/CreativeWork\" ><div class='avia_textblock'  itemprop=\"text\" ><h3>Produits relatifs aux roulements \u00e0 billes \u00e0 contact oblique<\/h3>\n<\/div><\/section><br \/>\n\n<style type=\"text\/css\" data-created_by=\"avia_inline_auto\" id=\"style-css-av-jw5zhqxn-69cdc7275bce40791406456b20e8b8d1\">\n#top .hr.av-jw5zhqxn-69cdc7275bce40791406456b20e8b8d1{\nmargin-top:2px;\nmargin-bottom:2px;\n}\n.hr.av-jw5zhqxn-69cdc7275bce40791406456b20e8b8d1 .hr-inner{\nwidth:160px;\nborder-color:#a81010;\n}\n<\/style>\n<div  class='hr av-jw5zhqxn-69cdc7275bce40791406456b20e8b8d1 hr-custom  avia-builder-el-7  el_after_av_textblock  el_before_av_portfolio  avia-builder-el-last  hr-left hr-icon-no'><span class='hr-inner inner-border-av-border-fat'><span class=\"hr-inner-style\"><\/span><\/span><\/div><br \/>\n<\/p><\/div><\/p>","protected":false},"excerpt":{"rendered":"","protected":false},"author":1,"featured_media":0,"parent":0,"menu_order":0,"comment_status":"closed","ping_status":"closed","template":"","meta":{"footnotes":""},"class_list":["post-136","page","type-page","status-publish","hentry"],"_links":{"self":[{"href":"https:\/\/www.jntxgroup.com\/fr\/wp-json\/wp\/v2\/pages\/136","targetHints":{"allow":["GET"]}}],"collection":[{"href":"https:\/\/www.jntxgroup.com\/fr\/wp-json\/wp\/v2\/pages"}],"about":[{"href":"https:\/\/www.jntxgroup.com\/fr\/wp-json\/wp\/v2\/types\/page"}],"author":[{"embeddable":true,"href":"https:\/\/www.jntxgroup.com\/fr\/wp-json\/wp\/v2\/users\/1"}],"replies":[{"embeddable":true,"href":"https:\/\/www.jntxgroup.com\/fr\/wp-json\/wp\/v2\/comments?post=136"}],"version-history":[{"count":0,"href":"https:\/\/www.jntxgroup.com\/fr\/wp-json\/wp\/v2\/pages\/136\/revisions"}],"wp:attachment":[{"href":"https:\/\/www.jntxgroup.com\/fr\/wp-json\/wp\/v2\/media?parent=136"}],"curies":[{"name":"wp","href":"https:\/\/api.w.org\/{rel}","templated":true}]}}