{"id":483,"date":"2023-03-30T10:39:19","date_gmt":"2023-03-30T02:39:19","guid":{"rendered":"https:\/\/www.jntxgroup.com\/?page_id=483"},"modified":"2023-04-14T09:10:29","modified_gmt":"2023-04-14T01:10:29","slug":"linear-bearing","status":"publish","type":"page","link":"https:\/\/www.jntxgroup.com\/es\/linear-bearing\/","title":{"rendered":"Rodamiento lineal"},"content":{"rendered":"<style type=\"text\/css\" data-created_by=\"avia_inline_auto\" id=\"style-css-av-os4ma-f66c819dec306a83bdeb86f6766a5430\">\n.flex_column.av-os4ma-f66c819dec306a83bdeb86f6766a5430{\nborder-radius:0px 0px 0px 0px;\npadding:0px 0px 0px 0px;\n}\n<\/style>\n<div  class='flex_column av-os4ma-f66c819dec306a83bdeb86f6766a5430 av_two_fifth  avia-builder-el-0  el_before_av_three_fifth  avia-builder-el-first  first flex_column_div av-zero-column-padding'     ><style type=\"text\/css\" data-created_by=\"avia_inline_auto\" id=\"style-css-av-jw5zey2v-728fa7f9a90677ea5bd89dcd8453a377\">\n.avia-image-container.av-jw5zey2v-728fa7f9a90677ea5bd89dcd8453a377 img.avia_image{\nbox-shadow:none;\n}\n.avia-image-container.av-jw5zey2v-728fa7f9a90677ea5bd89dcd8453a377 .av-image-caption-overlay-center{\ncolor:#ffffff;\n}\n<\/style>\n<div  class='avia-image-container av-jw5zey2v-728fa7f9a90677ea5bd89dcd8453a377 av-styling- avia-align-center  avia-builder-el-1  avia-builder-el-no-sibling'   itemprop=\"image\" itemscope=\"itemscope\" itemtype=\"https:\/\/schema.org\/ImageObject\" ><div class=\"avia-image-container-inner\"><div class=\"avia-image-overlay-wrap\"><img decoding=\"async\" fetchpriority=\"high\" class='wp-image-482 avia-img-lazy-loading-not-482 avia_image' src=\"https:\/\/www.jntxgroup.com\/wp-content\/uploads\/2023\/03\/Linear-Bearing-TENGXIAO.jpg\" alt='Linear Bearing TENGXIAO' title='Rodamiento lineal TENGXIAO'  height=\"800\" width=\"800\"  itemprop=\"thumbnailUrl\" srcset=\"https:\/\/www.jntxgroup.com\/wp-content\/uploads\/2023\/03\/Linear-Bearing-TENGXIAO.jpg 800w, https:\/\/www.jntxgroup.com\/wp-content\/uploads\/2023\/03\/Linear-Bearing-TENGXIAO-300x300.jpg 300w, https:\/\/www.jntxgroup.com\/wp-content\/uploads\/2023\/03\/Linear-Bearing-TENGXIAO-80x80.jpg 80w, https:\/\/www.jntxgroup.com\/wp-content\/uploads\/2023\/03\/Linear-Bearing-TENGXIAO-768x768.jpg 768w, https:\/\/www.jntxgroup.com\/wp-content\/uploads\/2023\/03\/Linear-Bearing-TENGXIAO-36x36.jpg 36w, https:\/\/www.jntxgroup.com\/wp-content\/uploads\/2023\/03\/Linear-Bearing-TENGXIAO-180x180.jpg 180w, https:\/\/www.jntxgroup.com\/wp-content\/uploads\/2023\/03\/Linear-Bearing-TENGXIAO-705x705.jpg 705w\" sizes=\"(max-width: 800px) 100vw, 800px\" \/><\/div><\/div><\/div><\/div>\n\n<style type=\"text\/css\" data-created_by=\"avia_inline_auto\" id=\"style-css-av-mgvpe-a9bd653d703a0722f1d598444bb8b470\">\n.flex_column.av-mgvpe-a9bd653d703a0722f1d598444bb8b470{\nborder-radius:0px 0px 0px 0px;\npadding:0px 0px 0px 0px;\n}\n<\/style>\n<div  class='flex_column av-mgvpe-a9bd653d703a0722f1d598444bb8b470 av_three_fifth  avia-builder-el-2  el_after_av_two_fifth  el_before_av_one_full  flex_column_div av-zero-column-padding'     ><section  class='av_textblock_section av-jw5z8nwq-3fc3f88aabc1c6022c7ea0c6bc44c560'   itemscope=\"itemscope\" itemtype=\"https:\/\/schema.org\/CreativeWork\" ><div class='avia_textblock'  itemprop=\"text\" ><h2>Rodamientos lineales Proveedores en China<\/h2>\n<\/div><\/section><br \/>\n<section  class='av_textblock_section av-jw5z8nwq-3fc3f88aabc1c6022c7ea0c6bc44c560'   itemscope=\"itemscope\" itemtype=\"https:\/\/schema.org\/CreativeWork\" ><div class='avia_textblock'  itemprop=\"text\" ><p><span style=\"font-size: 12pt;\"><strong>Descripci\u00f3n detallada:<\/strong><\/span><\/p>\n<p>Series: LM, LME,KH.<\/p>\n<p>Los rodamientos lineales a bolas y los casquillos lineales de fricci\u00f3n est\u00e1n disponibles en ejecuci\u00f3n abierta o cerrada. La ejecuci\u00f3n abierta tiene un segmento recortado y est\u00e1 prevista para ejes apoyados. Varias series permiten, en combinaci\u00f3n con los soportes correspondientes, ajustar el juego radial para conseguir sistemas de guiado sin juego o precargados.<\/p>\n<\/div><\/section><br \/>\n<section  class='av_textblock_section av-jw5zflrb-7fe0a88b96018078f3ea54a5e420d040'   itemscope=\"itemscope\" itemtype=\"https:\/\/schema.org\/CreativeWork\" ><div class='avia_textblock'  itemprop=\"text\" ><p><strong><b>Caracter\u00edsticas<\/b><\/strong><\/p>\n<ul>\n<li>Los rodamientos lineales y las unidades de rodadura lineal est\u00e1n disponibles en las gamas compacta, ligera, pesada, mecanizada y de casquillos de fricci\u00f3n. Los rodamientos pueden soportar cargas elevadas con una masa relativamente reducida y permiten construir sistemas de guiado lineal con recorrido ilimitado.<\/li>\n<li>Cada serie tiene unas caracter\u00edsticas bastante espec\u00edficas que la hacen especialmente adecuada para determinadas aplicaciones. Estas pueden incluir, por ejemplo, requisitos de compensaci\u00f3n de desalineaciones, funcionamiento con baja fricci\u00f3n, altas aceleraciones y velocidades de desplazamiento o larga vida \u00fatil.<\/li>\n<\/ul>\n<p>(3)La gama, construida y ampliada seg\u00fan un concepto modular, proporciona la mejor soluci\u00f3n t\u00e9cnica y econ\u00f3mica, en relaci\u00f3n con cada aplicaci\u00f3n, para las disposiciones de rodamientos con sistemas de guiado por eje.<\/p>\n<\/div><\/section><\/p><\/div>\n\n<style type=\"text\/css\" data-created_by=\"avia_inline_auto\" id=\"style-css-av-hjmj6-cd0231623af0b3183921e1b0c7355e6d\">\n.flex_column.av-hjmj6-cd0231623af0b3183921e1b0c7355e6d{\nborder-radius:0px 0px 0px 0px;\npadding:0px 0px 0px 0px;\n}\n<\/style>\n<div  class='flex_column av-hjmj6-cd0231623af0b3183921e1b0c7355e6d av_one_full  avia-builder-el-6  el_after_av_three_fifth  avia-builder-el-last  first flex_column_div av-zero-column-padding'     ><section  class='av_textblock_section av-jw5zguos-9569b70affda079f6220b08f0faa71c4'   itemscope=\"itemscope\" itemtype=\"https:\/\/schema.org\/CreativeWork\" ><div class='avia_textblock'  itemprop=\"text\" ><h3>Productos relacionados<\/h3>\n<\/div><\/section><br \/>\n\n<style type=\"text\/css\" data-created_by=\"avia_inline_auto\" id=\"style-css-av-jw5zhqxn-69cdc7275bce40791406456b20e8b8d1\">\n#top .hr.av-jw5zhqxn-69cdc7275bce40791406456b20e8b8d1{\nmargin-top:2px;\nmargin-bottom:2px;\n}\n.hr.av-jw5zhqxn-69cdc7275bce40791406456b20e8b8d1 .hr-inner{\nwidth:160px;\nborder-color:#a81010;\n}\n<\/style>\n<div  class='hr av-jw5zhqxn-69cdc7275bce40791406456b20e8b8d1 hr-custom  avia-builder-el-8  el_after_av_textblock  el_before_av_portfolio  avia-builder-el-last  hr-left hr-icon-no'><span class='hr-inner inner-border-av-border-fat'><span class=\"hr-inner-style\"><\/span><\/span><\/div><br \/>\n<\/p><\/div>","protected":false},"excerpt":{"rendered":"","protected":false},"author":1,"featured_media":0,"parent":0,"menu_order":0,"comment_status":"closed","ping_status":"closed","template":"","meta":{"footnotes":""},"class_list":["post-483","page","type-page","status-publish","hentry"],"_links":{"self":[{"href":"https:\/\/www.jntxgroup.com\/es\/wp-json\/wp\/v2\/pages\/483","targetHints":{"allow":["GET"]}}],"collection":[{"href":"https:\/\/www.jntxgroup.com\/es\/wp-json\/wp\/v2\/pages"}],"about":[{"href":"https:\/\/www.jntxgroup.com\/es\/wp-json\/wp\/v2\/types\/page"}],"author":[{"embeddable":true,"href":"https:\/\/www.jntxgroup.com\/es\/wp-json\/wp\/v2\/users\/1"}],"replies":[{"embeddable":true,"href":"https:\/\/www.jntxgroup.com\/es\/wp-json\/wp\/v2\/comments?post=483"}],"version-history":[{"count":5,"href":"https:\/\/www.jntxgroup.com\/es\/wp-json\/wp\/v2\/pages\/483\/revisions"}],"predecessor-version":[{"id":497,"href":"https:\/\/www.jntxgroup.com\/es\/wp-json\/wp\/v2\/pages\/483\/revisions\/497"}],"wp:attachment":[{"href":"https:\/\/www.jntxgroup.com\/es\/wp-json\/wp\/v2\/media?parent=483"}],"curies":[{"name":"wp","href":"https:\/\/api.w.org\/{rel}","templated":true}]}}