{"id":21,"date":"2019-05-15T22:22:40","date_gmt":"2019-05-15T14:22:40","guid":{"rendered":"https:\/\/www.jntxgroup.com\/?page_id=21"},"modified":"2024-05-13T10:06:38","modified_gmt":"2024-05-13T02:06:38","slug":"news","status":"publish","type":"page","link":"https:\/\/www.jntxgroup.com\/es\/news\/","title":{"rendered":"Noticias"},"content":{"rendered":"<div  class='flex_column av-ww75-ec72ca3f084a2e546326ef154f801de2 av_one_full  avia-builder-el-0  avia-builder-el-no-sibling  first flex_column_div'     ><div  data-slideshow-options=\"{&quot;animation&quot;:&quot;fade&quot;,&quot;autoplay&quot;:false,&quot;loop_autoplay&quot;:&quot;once&quot;,&quot;interval&quot;:5,&quot;loop_manual&quot;:&quot;manual-endless&quot;,&quot;autoplay_stopper&quot;:false,&quot;noNavigation&quot;:false,&quot;show_slide_delay&quot;:90}\" class='avia-content-slider avia-content-grid-active avia-content-slider1 avia-content-slider-odd  avia-builder-el-1  avia-builder-el-no-sibling  av-slideshow-ui av-control-default   av-no-slider-navigation av-slideshow-manual av-loop-once av-loop-manual-endless'  itemscope=\"itemscope\" itemtype=\"https:\/\/schema.org\/Blog\" ><div class=\"avia-content-slider-inner\"><div class=\"slide-entry-wrap\"><article class='slide-entry flex_column  post-entry post-entry-604 slide-entry-overview slide-loop-1 slide-parity-odd  av_one_third first real-thumbnail posttype-post post-format-standard'  itemscope=\"itemscope\" itemtype=\"https:\/\/schema.org\/CreativeWork\" ><a href='https:\/\/www.jntxgroup.com\/es\/will-you-attend-the-shanghai-bearing-fair-on-25-28-this-month\/' data-rel='slide-1' class='slide-image' title='\u00bfAsistir\u00e1 a la Feria del Rodamiento de Shanghai del 25 al 28 de este mes?'><img decoding=\"async\" fetchpriority=\"high\" width=\"495\" height=\"400\" src=\"https:\/\/www.jntxgroup.com\/wp-content\/uploads\/2024\/11\/hanghai-Bearing-Fair-on-25-28-495x400.jpg\" class=\"wp-image-605 avia-img-lazy-loading-not-605 attachment-portfolio size-portfolio wp-post-image\" alt=\"hanghai Bearing Fair\u00a0on\u00a0\u00a025-28\" srcset=\"https:\/\/www.jntxgroup.com\/wp-content\/uploads\/2024\/11\/hanghai-Bearing-Fair-on-25-28-495x400.jpg 495w, https:\/\/www.jntxgroup.com\/wp-content\/uploads\/2024\/11\/hanghai-Bearing-Fair-on-25-28-845x684.jpg 845w\" sizes=\"(max-width: 495px) 100vw, 495px\" \/><\/a><div class=\"slide-content\"><header class=\"entry-content-header\"><h3 class='slide-entry-title entry-title'  itemprop=\"headline\" ><a href='https:\/\/www.jntxgroup.com\/es\/will-you-attend-the-shanghai-bearing-fair-on-25-28-this-month\/' title='\u00bfAsistir\u00e1 a la Feria del Rodamiento de Shanghai del 25 al 28 de este mes?'>\u00bfAsistir\u00e1 a la Feria del Rodamiento de Shanghai del 25 al 28 de este mes?<\/a><\/h3><span class=\"av-vertical-delimiter\"><\/span><\/header><\/div><footer class=\"entry-footer\"><\/footer><span class='hidden'>\n\t\t\t\t<span class='av-structured-data'  itemprop=\"image\" itemscope=\"itemscope\" itemtype=\"https:\/\/schema.org\/ImageObject\" >\n\t\t\t\t\t\t<span itemprop='url'>https:\/\/www.jntxgroup.com\/wp-content\/uploads\/2024\/11\/hanghai-Bearing-Fair-on-25-28.jpg<\/span>\n\t\t\t\t\t\t<span itemprop='height'>938<\/span>\n\t\t\t\t\t\t<span itemprop='width'>1500<\/span>\n\t\t\t\t<\/span>\n\t\t\t\t<span class='av-structured-data'  itemprop=\"publisher\" itemtype=\"https:\/\/schema.org\/Organization\" itemscope=\"itemscope\" >\n\t\t\t\t\t\t<span itemprop='name'>jntxadmin<\/span>\n\t\t\t\t\t\t<span itemprop='logo' itemscope itemtype='https:\/\/schema.org\/ImageObject'>\n\t\t\t\t\t\t\t<span itemprop='url'>https:\/\/www.jntxgroup.com\/wp-content\/uploads\/2019\/06\/Tengxiao-Logo-2.png<\/span>\n\t\t\t\t\t\t<\/span>\n\t\t\t\t<\/span><span class='av-structured-data'  itemprop=\"author\" itemscope=\"itemscope\" itemtype=\"https:\/\/schema.org\/Person\" ><span itemprop='name'>jntxadmin<\/span><\/span><span class='av-structured-data'  itemprop=\"datePublished\" datetime=\"2019-05-15T22:22:40+08:00\" >2024-11-12 14:55:43<\/span><span class='av-structured-data'  itemprop=\"dateModified\" itemtype=\"https:\/\/schema.org\/dateModified\" >2024-11-12 14:55:43<\/span><span class='av-structured-data'  itemprop=\"mainEntityOfPage\" itemtype=\"https:\/\/schema.org\/mainEntityOfPage\" ><span itemprop='name'>\u00bfAsistir\u00e1 a la Feria del Rodamiento de Shanghai del 25 al 28 de este mes?<\/span><\/span><\/span><\/article><article class='slide-entry flex_column  post-entry post-entry-507 slide-entry-overview slide-loop-2 slide-parity-even  post-entry-last  av_one_third  real-thumbnail posttype-post post-format-standard'  itemscope=\"itemscope\" itemtype=\"https:\/\/schema.org\/CreativeWork\" ><a href='https:\/\/www.jntxgroup.com\/es\/tengxiao-company-set-to-shine-at-the-2024-china-international-bearing-exhibition\/' data-rel='slide-1' class='slide-image' title='La empresa Tengxiao brillar\u00e1 en la Exposici\u00f3n Internacional de Rodamientos de China 2024'><img decoding=\"async\" fetchpriority=\"high\" width=\"495\" height=\"400\" src=\"https:\/\/www.jntxgroup.com\/wp-content\/uploads\/2024\/05\/Tengxiao-Company-Set-to-Shine-495x400.jpg\" class=\"wp-image-508 avia-img-lazy-loading-not-508 attachment-portfolio size-portfolio wp-post-image\" alt=\"Tengxiao Company Set to Shine\" \/><\/a><div class=\"slide-content\"><header class=\"entry-content-header\"><h3 class='slide-entry-title entry-title'  itemprop=\"headline\" ><a href='https:\/\/www.jntxgroup.com\/es\/tengxiao-company-set-to-shine-at-the-2024-china-international-bearing-exhibition\/' title='La empresa Tengxiao brillar\u00e1 en la Exposici\u00f3n Internacional de Rodamientos de China 2024'>La empresa Tengxiao brillar\u00e1 en la Exposici\u00f3n Internacional de Rodamientos de China 2024<\/a><\/h3><span class=\"av-vertical-delimiter\"><\/span><\/header><\/div><footer class=\"entry-footer\"><\/footer><span class='hidden'>\n\t\t\t\t<span class='av-structured-data'  itemprop=\"image\" itemscope=\"itemscope\" itemtype=\"https:\/\/schema.org\/ImageObject\" >\n\t\t\t\t\t\t<span itemprop='url'>https:\/\/www.jntxgroup.com\/wp-content\/uploads\/2024\/05\/Tengxiao-Company-Set-to-Shine.jpg<\/span>\n\t\t\t\t\t\t<span itemprop='height'>500<\/span>\n\t\t\t\t\t\t<span itemprop='width'>500<\/span>\n\t\t\t\t<\/span>\n\t\t\t\t<span class='av-structured-data'  itemprop=\"publisher\" itemtype=\"https:\/\/schema.org\/Organization\" itemscope=\"itemscope\" >\n\t\t\t\t\t\t<span itemprop='name'>jntxadmin<\/span>\n\t\t\t\t\t\t<span itemprop='logo' itemscope itemtype='https:\/\/schema.org\/ImageObject'>\n\t\t\t\t\t\t\t<span itemprop='url'>https:\/\/www.jntxgroup.com\/wp-content\/uploads\/2019\/06\/Tengxiao-Logo-2.png<\/span>\n\t\t\t\t\t\t<\/span>\n\t\t\t\t<\/span><span class='av-structured-data'  itemprop=\"author\" itemscope=\"itemscope\" itemtype=\"https:\/\/schema.org\/Person\" ><span itemprop='name'>jntxadmin<\/span><\/span><span class='av-structured-data'  itemprop=\"datePublished\" datetime=\"2019-05-15T22:22:40+08:00\" >2024-05-13 10:03:46<\/span><span class='av-structured-data'  itemprop=\"dateModified\" itemtype=\"https:\/\/schema.org\/dateModified\" >2024-05-13 10:03:46<\/span><span class='av-structured-data'  itemprop=\"mainEntityOfPage\" itemtype=\"https:\/\/schema.org\/mainEntityOfPage\" ><span itemprop='name'>La empresa Tengxiao brillar\u00e1 en la Exposici\u00f3n Internacional de Rodamientos de China 2024<\/span><\/span><\/span><\/article><\/div><\/div><\/div><\/div>","protected":false},"excerpt":{"rendered":"","protected":false},"author":1,"featured_media":0,"parent":0,"menu_order":0,"comment_status":"closed","ping_status":"closed","template":"","meta":{"footnotes":""},"class_list":["post-21","page","type-page","status-publish","hentry"],"_links":{"self":[{"href":"https:\/\/www.jntxgroup.com\/es\/wp-json\/wp\/v2\/pages\/21","targetHints":{"allow":["GET"]}}],"collection":[{"href":"https:\/\/www.jntxgroup.com\/es\/wp-json\/wp\/v2\/pages"}],"about":[{"href":"https:\/\/www.jntxgroup.com\/es\/wp-json\/wp\/v2\/types\/page"}],"author":[{"embeddable":true,"href":"https:\/\/www.jntxgroup.com\/es\/wp-json\/wp\/v2\/users\/1"}],"replies":[{"embeddable":true,"href":"https:\/\/www.jntxgroup.com\/es\/wp-json\/wp\/v2\/comments?post=21"}],"version-history":[{"count":3,"href":"https:\/\/www.jntxgroup.com\/es\/wp-json\/wp\/v2\/pages\/21\/revisions"}],"predecessor-version":[{"id":513,"href":"https:\/\/www.jntxgroup.com\/es\/wp-json\/wp\/v2\/pages\/21\/revisions\/513"}],"wp:attachment":[{"href":"https:\/\/www.jntxgroup.com\/es\/wp-json\/wp\/v2\/media?parent=21"}],"curies":[{"name":"wp","href":"https:\/\/api.w.org\/{rel}","templated":true}]}}