{"id":149,"date":"2019-05-24T16:29:44","date_gmt":"2019-05-24T08:29:44","guid":{"rendered":"https:\/\/www.jntxgroup.com\/?page_id=149"},"modified":"2019-06-24T13:35:04","modified_gmt":"2019-06-24T05:35:04","slug":"universal-joint-bearing","status":"publish","type":"page","link":"https:\/\/www.jntxgroup.com\/es\/universal-joint-bearing\/","title":{"rendered":"Cojinete de junta universal"},"content":{"rendered":"<style type=\"text\/css\" data-created_by=\"avia_inline_auto\" id=\"style-css-av-os4ma-f66c819dec306a83bdeb86f6766a5430\">\n.flex_column.av-os4ma-f66c819dec306a83bdeb86f6766a5430{\nborder-radius:0px 0px 0px 0px;\npadding:0px 0px 0px 0px;\n}\n<\/style>\n<div  class='flex_column av-os4ma-f66c819dec306a83bdeb86f6766a5430 av_two_fifth  avia-builder-el-0  el_before_av_three_fifth  avia-builder-el-first  first flex_column_div av-zero-column-padding'     ><style type=\"text\/css\" data-created_by=\"avia_inline_auto\" id=\"style-css-av-jw5zey2v-7a676978dd20d366e476604be8731834\">\n.avia-image-container.av-jw5zey2v-7a676978dd20d366e476604be8731834 img.avia_image{\nbox-shadow:none;\n}\n.avia-image-container.av-jw5zey2v-7a676978dd20d366e476604be8731834 .av-image-caption-overlay-center{\ncolor:#ffffff;\n}\n<\/style>\n<div  class='avia-image-container av-jw5zey2v-7a676978dd20d366e476604be8731834 av-styling- avia-align-center  avia-builder-el-1  avia-builder-el-no-sibling'   itemprop=\"image\" itemscope=\"itemscope\" itemtype=\"https:\/\/schema.org\/ImageObject\" ><div class=\"avia-image-container-inner\"><div class=\"avia-image-overlay-wrap\"><img decoding=\"async\" fetchpriority=\"high\" class='wp-image-115 avia-img-lazy-loading-not-115 avia_image' src=\"https:\/\/www.jntxgroup.com\/wp-content\/uploads\/2019\/05\/Universal-Joint-Bearing.jpg\" alt='Universal Joint Bearing' title='Cojinete de junta universal'  height=\"800\" width=\"800\"  itemprop=\"thumbnailUrl\" srcset=\"https:\/\/www.jntxgroup.com\/wp-content\/uploads\/2019\/05\/Universal-Joint-Bearing.jpg 800w, https:\/\/www.jntxgroup.com\/wp-content\/uploads\/2019\/05\/Universal-Joint-Bearing-80x80.jpg 80w, https:\/\/www.jntxgroup.com\/wp-content\/uploads\/2019\/05\/Universal-Joint-Bearing-300x300.jpg 300w, https:\/\/www.jntxgroup.com\/wp-content\/uploads\/2019\/05\/Universal-Joint-Bearing-768x768.jpg 768w, https:\/\/www.jntxgroup.com\/wp-content\/uploads\/2019\/05\/Universal-Joint-Bearing-36x36.jpg 36w, https:\/\/www.jntxgroup.com\/wp-content\/uploads\/2019\/05\/Universal-Joint-Bearing-180x180.jpg 180w, https:\/\/www.jntxgroup.com\/wp-content\/uploads\/2019\/05\/Universal-Joint-Bearing-705x705.jpg 705w, https:\/\/www.jntxgroup.com\/wp-content\/uploads\/2019\/05\/Universal-Joint-Bearing-120x120.jpg 120w, https:\/\/www.jntxgroup.com\/wp-content\/uploads\/2019\/05\/Universal-Joint-Bearing-450x450.jpg 450w\" sizes=\"(max-width: 800px) 100vw, 800px\" \/><\/div><\/div><\/div><\/div>\n<style type=\"text\/css\" data-created_by=\"avia_inline_auto\" id=\"style-css-av-mgvpe-a9bd653d703a0722f1d598444bb8b470\">\n.flex_column.av-mgvpe-a9bd653d703a0722f1d598444bb8b470{\nborder-radius:0px 0px 0px 0px;\npadding:0px 0px 0px 0px;\n}\n<\/style>\n<div  class='flex_column av-mgvpe-a9bd653d703a0722f1d598444bb8b470 av_three_fifth  avia-builder-el-2  el_after_av_two_fifth  el_before_av_one_full  flex_column_div av-zero-column-padding'     ><section  class='av_textblock_section av-jw5z8nwq-ef9b3d142fbc5ef42941a6ffa63d5131'   itemscope=\"itemscope\" itemtype=\"https:\/\/schema.org\/CreativeWork\" ><div class='avia_textblock'  itemprop=\"text\" ><h2>Cojinete de junta universal China Proveedores<\/h2>\n<\/div><\/section><br \/>\n<section  class='av_textblock_section av-jw5z8nwq-ef9b3d142fbc5ef42941a6ffa63d5131'   itemscope=\"itemscope\" itemtype=\"https:\/\/schema.org\/CreativeWork\" ><div class='avia_textblock'  itemprop=\"text\" ><p><span style=\"font-size: 12pt;\"><strong>Descripci\u00f3n detallada:<\/strong><\/span><\/p>\n<p><span style=\"font-size: 12pt;\"><strong><b>Materia prima<\/b><\/strong><\/span><\/p>\n<ul>\n<li><span style=\"font-size: 12pt;\">\u00a0 \u00a020Cr para juntas en U peque\u00f1as y medianas<\/span><\/li>\n<li><span style=\"font-size: 12pt;\">\u00a0 \u00a020CrMnTi para junta universal de gran tama\u00f1o<\/span><\/li>\n<li><span style=\"font-size: 12pt;\">\u00a0 \u00a0Gcr15 para cojinete de junta universal<\/span><\/li>\n<\/ul>\n<p><span style=\"font-size: 12pt;\"><strong>Series:<\/strong>GUA,GUM,GUN,GUH,GUIS,GGPL<\/span><\/p>\n<p><span style=\"font-size: 12pt;\"><strong><b>Piezas de autom\u00f3vil cojinete cruzado junta universal serie relativa<\/b><\/strong><\/span><\/p>\n<table>\n<tbody>\n<tr>\n<td width=\"101\"><span style=\"font-size: 12pt;\">Modelo<\/span><\/td>\n<td width=\"94\"><span style=\"font-size: 12pt;\">Talla<\/span><\/td>\n<td width=\"95\"><span style=\"font-size: 12pt;\">Talla<\/span><\/td>\n<td width=\"104\"><span style=\"font-size: 12pt;\">Talla<\/span><\/td>\n<td width=\"94\"><span style=\"font-size: 12pt;\">Talla<\/span><\/td>\n<td width=\"112\"><span style=\"font-size: 12pt;\">Talla<\/span><\/td>\n<\/tr>\n<tr>\n<td width=\"101\"><span style=\"font-size: 12pt;\">CA10<\/span><\/td>\n<td width=\"94\"><span style=\"font-size: 12pt;\">39*118<\/span><\/td>\n<td width=\"95\"><span style=\"font-size: 12pt;\">50*155<\/span><\/td>\n<td width=\"104\"><span style=\"font-size: 12pt;\">20*55<\/span><\/td>\n<td width=\"94\"><span style=\"font-size: 12pt;\">68*89*165.5<\/span><\/td>\n<td width=\"112\"><span style=\"font-size: 12pt;\">52*137<\/span><\/td>\n<\/tr>\n<tr>\n<td width=\"101\"><span style=\"font-size: 12pt;\">EQ140<\/span><\/td>\n<td width=\"94\"><span style=\"font-size: 12pt;\">39*119<\/span><\/td>\n<td width=\"95\"><span style=\"font-size: 12pt;\">39*118<\/span><\/td>\n<td width=\"104\"><span style=\"font-size: 12pt;\">20*55<\/span><\/td>\n<td width=\"94\"><span style=\"font-size: 12pt;\">62*149<\/span><\/td>\n<td width=\"112\"><span style=\"font-size: 12pt;\">50*135<\/span><\/td>\n<\/tr>\n<tr>\n<td width=\"101\"><span style=\"font-size: 12pt;\">CA141<\/span><\/td>\n<td width=\"94\"><span style=\"font-size: 12pt;\">39*120<\/span><\/td>\n<td width=\"95\"><span style=\"font-size: 12pt;\">39*118<\/span><\/td>\n<td width=\"104\"><span style=\"font-size: 12pt;\">20*55<\/span><\/td>\n<td width=\"94\"><span style=\"font-size: 12pt;\">48*124.6<\/span><\/td>\n<td width=\"112\"><span style=\"font-size: 12pt;\">27*52.5*80<\/span><\/td>\n<\/tr>\n<tr>\n<td width=\"101\"><span style=\"font-size: 12pt;\">EQ153<\/span><\/td>\n<td width=\"94\"><span style=\"font-size: 12pt;\">47*140<\/span><\/td>\n<td width=\"95\"><span style=\"font-size: 12pt;\">41*118<\/span><\/td>\n<td width=\"104\"><span style=\"font-size: 12pt;\">22*59.6<\/span><\/td>\n<td width=\"94\"><span style=\"font-size: 12pt;\">48*127<\/span><\/td>\n<td width=\"112\"><span style=\"font-size: 12pt;\">27*81.75<\/span><\/td>\n<\/tr>\n<tr>\n<td width=\"101\"><span style=\"font-size: 12pt;\">NJ130<\/span><\/td>\n<td width=\"94\"><span style=\"font-size: 12pt;\">35*98<\/span><\/td>\n<td width=\"95\"><span style=\"font-size: 12pt;\">39*118<\/span><\/td>\n<td width=\"104\"><span style=\"font-size: 12pt;\">20*55.2<\/span><\/td>\n<td width=\"94\"><span style=\"font-size: 12pt;\">50*135<\/span><\/td>\n<td width=\"112\"><span style=\"font-size: 12pt;\">63.5*152<\/span><\/td>\n<\/tr>\n<tr>\n<td width=\"101\"><span style=\"font-size: 12pt;\">BJ130<\/span><\/td>\n<td width=\"94\"><span style=\"font-size: 12pt;\">32*93<\/span><\/td>\n<td width=\"95\"><span style=\"font-size: 12pt;\">35*98<\/span><\/td>\n<td width=\"104\"><span style=\"font-size: 12pt;\">19*44<\/span><\/td>\n<td width=\"94\"><span style=\"font-size: 12pt;\">44*120<\/span><\/td>\n<td width=\"112\"><span style=\"font-size: 12pt;\">62*173<\/span><\/td>\n<\/tr>\n<tr>\n<td width=\"101\"><span style=\"font-size: 12pt;\">BJ212<\/span><\/td>\n<td width=\"94\"><span style=\"font-size: 12pt;\">30*55<\/span><\/td>\n<td width=\"95\"><span style=\"font-size: 12pt;\">35*98<\/span><\/td>\n<td width=\"104\"><span style=\"font-size: 12pt;\">24*63<\/span><\/td>\n<td width=\"94\"><span style=\"font-size: 12pt;\">62*160<\/span><\/td>\n<td width=\"112\"><span style=\"font-size: 12pt;\">60*152<\/span><\/td>\n<\/tr>\n<tr>\n<td width=\"101\"><span style=\"font-size: 12pt;\">T620<\/span><\/td>\n<td width=\"94\"><span style=\"font-size: 12pt;\">36*104<\/span><\/td>\n<td width=\"95\"><span style=\"font-size: 12pt;\">32*93<\/span><\/td>\n<td width=\"104\"><span style=\"font-size: 12pt;\">44*120<\/span><\/td>\n<td width=\"94\"><span style=\"font-size: 12pt;\">62*170<\/span><\/td>\n<td width=\"112\"><span style=\"font-size: 12pt;\">20*55<\/span><\/td>\n<\/tr>\n<tr>\n<td width=\"101\"><\/td>\n<td width=\"94\"><span style=\"font-size: 12pt;\">29*30<\/span><\/td>\n<td width=\"95\"><span style=\"font-size: 12pt;\">30*55*88<\/span><\/td>\n<td width=\"104\"><span style=\"font-size: 12pt;\">16*38.5<\/span><\/td>\n<td width=\"94\"><span style=\"font-size: 12pt;\">45*120<\/span><\/td>\n<td width=\"112\"><span style=\"font-size: 12pt;\">20*55<\/span><\/td>\n<\/tr>\n<tr>\n<td width=\"101\"><span style=\"font-size: 12pt;\">CKL20CD<\/span><\/td>\n<td width=\"94\"><span style=\"font-size: 12pt;\">43*136<\/span><\/td>\n<td width=\"95\"><span style=\"font-size: 12pt;\">30*55*88<\/span><\/td>\n<td width=\"104\"><span style=\"font-size: 12pt;\">24*63<\/span><\/td>\n<td width=\"94\"><span style=\"font-size: 12pt;\">70*166<\/span><\/td>\n<td width=\"112\"><span style=\"font-size: 12pt;\">20*55<\/span><\/td>\n<\/tr>\n<tr>\n<td width=\"101\"><span style=\"font-size: 12pt;\">WF6700<\/span><\/td>\n<td width=\"94\"><span style=\"font-size: 12pt;\">33*93<\/span><\/td>\n<td width=\"95\"><span style=\"font-size: 12pt;\">33*93<\/span><\/td>\n<td width=\"104\"><span style=\"font-size: 12pt;\">24*63<\/span><\/td>\n<td width=\"94\"><span style=\"font-size: 12pt;\">70*178<\/span><\/td>\n<td width=\"112\"><span style=\"font-size: 12pt;\">22.5*57<\/span><\/td>\n<\/tr>\n<tr>\n<td width=\"101\"><span style=\"font-size: 12pt;\">TD60A-D<\/span><\/td>\n<td width=\"94\"><span style=\"font-size: 12pt;\">25*77<\/span><\/td>\n<td width=\"95\"><span style=\"font-size: 12pt;\">29*50*76.2<\/span><\/td>\n<td width=\"104\"><span style=\"font-size: 12pt;\">24*62<\/span><\/td>\n<td width=\"94\"><span style=\"font-size: 12pt;\">24*63<\/span><\/td>\n<td width=\"112\"><span style=\"font-size: 12pt;\">15*38<\/span><\/td>\n<\/tr>\n<tr>\n<td width=\"101\"><span style=\"font-size: 12pt;\">SR6480<\/span><\/td>\n<td width=\"94\"><span style=\"font-size: 12pt;\">29*47.4<\/span><\/td>\n<td width=\"95\"><span style=\"font-size: 12pt;\">29*76.2<\/span><\/td>\n<td width=\"104\"><span style=\"font-size: 12pt;\">17*44<\/span><\/td>\n<td width=\"94\"><span style=\"font-size: 12pt;\">19*44<\/span><\/td>\n<td width=\"112\"><span style=\"font-size: 12pt;\">16*38.5<\/span><\/td>\n<\/tr>\n<tr>\n<td width=\"101\"><span style=\"font-size: 12pt;\">125<\/span><\/td>\n<td width=\"94\"><span style=\"font-size: 12pt;\">52*133<\/span><\/td>\n<td width=\"95\"><span style=\"font-size: 12pt;\">29*47.4*77.2<\/span><\/td>\n<td width=\"104\"><span style=\"font-size: 12pt;\">18*47<\/span><\/td>\n<td width=\"94\"><span style=\"font-size: 12pt;\">18*47<\/span><\/td>\n<td width=\"112\"><span style=\"font-size: 12pt;\">22*59.6<\/span><\/td>\n<\/tr>\n<tr>\n<td width=\"101\"><span style=\"font-size: 12pt;\">82<\/span><\/td>\n<td width=\"94\"><span style=\"font-size: 12pt;\">57*44<\/span><\/td>\n<td width=\"95\"><span style=\"font-size: 12pt;\">29*77.2<\/span><\/td>\n<td width=\"104\"><span style=\"font-size: 12pt;\">15*38<\/span><\/td>\n<td width=\"94\"><span style=\"font-size: 12pt;\">16*43<\/span><\/td>\n<td width=\"112\"><span style=\"font-size: 12pt;\">24*63<\/span><\/td>\n<\/tr>\n<tr>\n<td width=\"101\"><span style=\"font-size: 12pt;\">JN162-1<\/span><\/td>\n<td width=\"94\"><span style=\"font-size: 12pt;\">50*185<\/span><\/td>\n<td width=\"95\"><span style=\"font-size: 12pt;\">47*140<\/span><\/td>\n<td width=\"104\"><span style=\"font-size: 12pt;\">22.5*57<\/span><\/td>\n<td width=\"94\"><span style=\"font-size: 12pt;\">25*63<\/span><\/td>\n<td width=\"112\"><span style=\"font-size: 12pt;\">28*42*72.5<\/span><\/td>\n<\/tr>\n<tr>\n<td width=\"101\"><span style=\"font-size: 12pt;\">BJ130<\/span><\/td>\n<td width=\"94\"><span style=\"font-size: 12pt;\">30*88<\/span><\/td>\n<td width=\"95\"><span style=\"font-size: 12pt;\">47*140<\/span><\/td>\n<td width=\"104\"><span style=\"font-size: 12pt;\">48*124.6<\/span><\/td>\n<td width=\"94\"><span style=\"font-size: 12pt;\">25*64<\/span><\/td>\n<td width=\"112\"><span style=\"font-size: 12pt;\">30*87<\/span><\/td>\n<\/tr>\n<tr>\n<td width=\"101\"><span style=\"font-size: 12pt;\">SH58-<\/span><\/td>\n<td width=\"94\"><span style=\"font-size: 12pt;\">27*82<\/span><\/td>\n<td width=\"95\"><span style=\"font-size: 12pt;\">43*136<\/span><\/td>\n<td width=\"104\"><span style=\"font-size: 12pt;\">48*127<\/span><\/td>\n<td width=\"94\"><span style=\"font-size: 12pt;\">30*88<\/span><\/td>\n<td width=\"112\"><span style=\"font-size: 12pt;\">52*154<\/span><\/td>\n<\/tr>\n<tr>\n<td width=\"101\"><span style=\"font-size: 12pt;\">210<\/span><\/td>\n<td width=\"94\"><span style=\"font-size: 12pt;\">50*150<\/span><\/td>\n<td width=\"95\"><span style=\"font-size: 12pt;\">43*136<\/span><\/td>\n<td width=\"104\"><span style=\"font-size: 12pt;\">25*63<\/span><\/td>\n<td width=\"94\"><span style=\"font-size: 12pt;\">30*54.8*85<\/span><\/td>\n<td width=\"112\"><span style=\"font-size: 12pt;\">44*129<\/span><\/td>\n<\/tr>\n<tr>\n<td width=\"101\"><span style=\"font-size: 12pt;\">XJ213<\/span><\/td>\n<td width=\"94\"><span style=\"font-size: 12pt;\">27*81.72<\/span><\/td>\n<td width=\"95\"><span style=\"font-size: 12pt;\">36*104<\/span><\/td>\n<td width=\"104\"><span style=\"font-size: 12pt;\">49*155<\/span><\/td>\n<td width=\"94\"><span style=\"font-size: 12pt;\">27*74.6<\/span><\/td>\n<td width=\"112\"><span style=\"font-size: 12pt;\">59*167.4<\/span><\/td>\n<\/tr>\n<tr>\n<td width=\"101\"><span style=\"font-size: 12pt;\">U1210<\/span><\/td>\n<td width=\"94\"><span style=\"font-size: 12pt;\">27*62<\/span><\/td>\n<td width=\"95\"><span style=\"font-size: 12pt;\">48*116.4<\/span><\/td>\n<td width=\"104\"><span style=\"font-size: 12pt;\">52*153.85<\/span><\/td>\n<td width=\"94\"><span style=\"font-size: 12pt;\">27*80<\/span><\/td>\n<td width=\"112\"><span style=\"font-size: 12pt;\">57*172<\/span><\/td>\n<\/tr>\n<tr>\n<td width=\"101\"><span style=\"font-size: 12pt;\">Z34607D<\/span><\/td>\n<td width=\"94\"><span style=\"font-size: 12pt;\">28*42<\/span><\/td>\n<td width=\"95\"><span style=\"font-size: 12pt;\">52*133<\/span><\/td>\n<td width=\"104\"><span style=\"font-size: 12pt;\">44*129<\/span><\/td>\n<td width=\"94\"><span style=\"font-size: 12pt;\">28*53*80<\/span><\/td>\n<td width=\"112\"><span style=\"font-size: 12pt;\">60*170<\/span><\/td>\n<\/tr>\n<tr>\n<td width=\"101\"><span style=\"font-size: 12pt;\">TN141<\/span><\/td>\n<td width=\"94\"><span style=\"font-size: 12pt;\">43*136<\/span><\/td>\n<td width=\"95\"><span style=\"font-size: 12pt;\">57*144<\/span><\/td>\n<td width=\"104\"><span style=\"font-size: 12pt;\">22*55<\/span><\/td>\n<td width=\"94\"><span style=\"font-size: 12pt;\">30*78<\/span><\/td>\n<td width=\"112\"><span style=\"font-size: 12pt;\">65*170<\/span><\/td>\n<\/tr>\n<tr>\n<td width=\"101\"><span style=\"font-size: 12pt;\">EQ153-1<\/span><\/td>\n<td width=\"94\"><span style=\"font-size: 12pt;\">47*140<\/span><\/td>\n<td width=\"95\"><span style=\"font-size: 12pt;\">57*152<\/span><\/td>\n<td width=\"104\"><span style=\"font-size: 12pt;\">20*45<\/span><\/td>\n<td width=\"94\"><span style=\"font-size: 12pt;\">30*80<\/span><\/td>\n<td width=\"112\"><span style=\"font-size: 12pt;\">68*165.5<\/span><\/td>\n<\/tr>\n<tr>\n<td width=\"101\"><span style=\"font-size: 12pt;\">LZ111<\/span><\/td>\n<td width=\"94\"><span style=\"font-size: 12pt;\">25*63.99<\/span><\/td>\n<td width=\"95\"><span style=\"font-size: 12pt;\">44*129<\/span><\/td>\n<td width=\"104\"><span style=\"font-size: 12pt;\">20*44<\/span><\/td>\n<td width=\"94\"><span style=\"font-size: 12pt;\">57*152<\/span><\/td>\n<td width=\"112\"><span style=\"font-size: 12pt;\">59*168<\/span><\/td>\n<\/tr>\n<tr>\n<td width=\"101\"><span style=\"font-size: 12pt;\">CH1018<\/span><\/td>\n<td width=\"94\"><span style=\"font-size: 12pt;\">25*63.99<\/span><\/td>\n<td width=\"95\"><span style=\"font-size: 12pt;\">42.1*119.5<\/span><\/td>\n<td width=\"104\"><span style=\"font-size: 12pt;\">20*50<\/span><\/td>\n<td width=\"94\"><span style=\"font-size: 12pt;\">53*135<\/span><\/td>\n<td width=\"112\"><span style=\"font-size: 12pt;\">48*126<\/span><\/td>\n<\/tr>\n<\/tbody>\n<\/table>\n<\/div><\/section><br \/>\n<section  class='av_textblock_section av-jw5zflrb-a23767aaca3f01c8e34225d530e7c5e7'   itemscope=\"itemscope\" itemtype=\"https:\/\/schema.org\/CreativeWork\" ><div class='avia_textblock'  itemprop=\"text\" ><p><strong><span style=\"font-size: 12pt;\">Aplicaci\u00f3n : <\/span><\/strong><\/p>\n<p><span style=\"font-size: 12pt;\">Piezas de camiones pesados, piezas de autom\u00f3viles, ejes de h\u00e9lices de veh\u00edculos comerciales y otras industrias.<\/span><\/p>\n<\/div><\/section><\/p><\/div>\n<style type=\"text\/css\" data-created_by=\"avia_inline_auto\" id=\"style-css-av-hjmj6-cd0231623af0b3183921e1b0c7355e6d\">\n.flex_column.av-hjmj6-cd0231623af0b3183921e1b0c7355e6d{\nborder-radius:0px 0px 0px 0px;\npadding:0px 0px 0px 0px;\n}\n<\/style>\n<div  class='flex_column av-hjmj6-cd0231623af0b3183921e1b0c7355e6d av_one_full  avia-builder-el-6  el_after_av_three_fifth  avia-builder-el-last  first flex_column_div av-zero-column-padding'     ><section  class='av_textblock_section av-jw5zguos-f20e0f6fd5f5db85db0bd8b56cbb186c'   itemscope=\"itemscope\" itemtype=\"https:\/\/schema.org\/CreativeWork\" ><div class='avia_textblock'  itemprop=\"text\" ><h3>Relacionar<a href=\"https:\/\/www.jntxgroup.com\/es\/universal-joint-bearing\/\"> Cojinete de junta universal<\/a> Productos<\/h3>\n<\/div><\/section><br \/>\n\n<style type=\"text\/css\" data-created_by=\"avia_inline_auto\" id=\"style-css-av-jw5zhqxn-69cdc7275bce40791406456b20e8b8d1\">\n#top .hr.av-jw5zhqxn-69cdc7275bce40791406456b20e8b8d1{\nmargin-top:2px;\nmargin-bottom:2px;\n}\n.hr.av-jw5zhqxn-69cdc7275bce40791406456b20e8b8d1 .hr-inner{\nwidth:160px;\nborder-color:#a81010;\n}\n<\/style>\n<div  class='hr av-jw5zhqxn-69cdc7275bce40791406456b20e8b8d1 hr-custom  avia-builder-el-8  el_after_av_textblock  el_before_av_portfolio  avia-builder-el-last  hr-left hr-icon-no'><span class='hr-inner inner-border-av-border-fat'><span class=\"hr-inner-style\"><\/span><\/span><\/div><br \/>\n<\/p><\/div><\/p>","protected":false},"excerpt":{"rendered":"","protected":false},"author":1,"featured_media":0,"parent":0,"menu_order":0,"comment_status":"closed","ping_status":"closed","template":"","meta":{"footnotes":""},"class_list":["post-149","page","type-page","status-publish","hentry"],"_links":{"self":[{"href":"https:\/\/www.jntxgroup.com\/es\/wp-json\/wp\/v2\/pages\/149","targetHints":{"allow":["GET"]}}],"collection":[{"href":"https:\/\/www.jntxgroup.com\/es\/wp-json\/wp\/v2\/pages"}],"about":[{"href":"https:\/\/www.jntxgroup.com\/es\/wp-json\/wp\/v2\/types\/page"}],"author":[{"embeddable":true,"href":"https:\/\/www.jntxgroup.com\/es\/wp-json\/wp\/v2\/users\/1"}],"replies":[{"embeddable":true,"href":"https:\/\/www.jntxgroup.com\/es\/wp-json\/wp\/v2\/comments?post=149"}],"version-history":[{"count":0,"href":"https:\/\/www.jntxgroup.com\/es\/wp-json\/wp\/v2\/pages\/149\/revisions"}],"wp:attachment":[{"href":"https:\/\/www.jntxgroup.com\/es\/wp-json\/wp\/v2\/media?parent=149"}],"curies":[{"name":"wp","href":"https:\/\/api.w.org\/{rel}","templated":true}]}}