{"id":483,"date":"2023-03-30T10:39:19","date_gmt":"2023-03-30T02:39:19","guid":{"rendered":"https:\/\/www.jntxgroup.com\/?page_id=483"},"modified":"2023-04-14T09:10:29","modified_gmt":"2023-04-14T01:10:29","slug":"linear-bearing","status":"publish","type":"page","link":"https:\/\/www.jntxgroup.com\/de\/linear-bearing\/","title":{"rendered":"Lineares Lager"},"content":{"rendered":"<style type=\"text\/css\" data-created_by=\"avia_inline_auto\" id=\"style-css-av-os4ma-f66c819dec306a83bdeb86f6766a5430\">\n.flex_column.av-os4ma-f66c819dec306a83bdeb86f6766a5430{\nborder-radius:0px 0px 0px 0px;\npadding:0px 0px 0px 0px;\n}\n<\/style>\n<div  class='flex_column av-os4ma-f66c819dec306a83bdeb86f6766a5430 av_two_fifth  avia-builder-el-0  el_before_av_three_fifth  avia-builder-el-first  first flex_column_div av-zero-column-padding'     ><style type=\"text\/css\" data-created_by=\"avia_inline_auto\" id=\"style-css-av-jw5zey2v-728fa7f9a90677ea5bd89dcd8453a377\">\n.avia-image-container.av-jw5zey2v-728fa7f9a90677ea5bd89dcd8453a377 img.avia_image{\nbox-shadow:none;\n}\n.avia-image-container.av-jw5zey2v-728fa7f9a90677ea5bd89dcd8453a377 .av-image-caption-overlay-center{\ncolor:#ffffff;\n}\n<\/style>\n<div  class='avia-image-container av-jw5zey2v-728fa7f9a90677ea5bd89dcd8453a377 av-styling- avia-align-center  avia-builder-el-1  avia-builder-el-no-sibling'   itemprop=\"image\" itemscope=\"itemscope\" itemtype=\"https:\/\/schema.org\/ImageObject\" ><div class=\"avia-image-container-inner\"><div class=\"avia-image-overlay-wrap\"><img decoding=\"async\" fetchpriority=\"high\" class='wp-image-482 avia-img-lazy-loading-not-482 avia_image' src=\"https:\/\/www.jntxgroup.com\/wp-content\/uploads\/2023\/03\/Linear-Bearing-TENGXIAO.jpg\" alt='Linear Bearing TENGXIAO' title='Linearlager TENGXIAO'  height=\"800\" width=\"800\"  itemprop=\"thumbnailUrl\" srcset=\"https:\/\/www.jntxgroup.com\/wp-content\/uploads\/2023\/03\/Linear-Bearing-TENGXIAO.jpg 800w, https:\/\/www.jntxgroup.com\/wp-content\/uploads\/2023\/03\/Linear-Bearing-TENGXIAO-300x300.jpg 300w, https:\/\/www.jntxgroup.com\/wp-content\/uploads\/2023\/03\/Linear-Bearing-TENGXIAO-80x80.jpg 80w, https:\/\/www.jntxgroup.com\/wp-content\/uploads\/2023\/03\/Linear-Bearing-TENGXIAO-768x768.jpg 768w, https:\/\/www.jntxgroup.com\/wp-content\/uploads\/2023\/03\/Linear-Bearing-TENGXIAO-36x36.jpg 36w, https:\/\/www.jntxgroup.com\/wp-content\/uploads\/2023\/03\/Linear-Bearing-TENGXIAO-180x180.jpg 180w, https:\/\/www.jntxgroup.com\/wp-content\/uploads\/2023\/03\/Linear-Bearing-TENGXIAO-705x705.jpg 705w\" sizes=\"(max-width: 800px) 100vw, 800px\" \/><\/div><\/div><\/div><\/div>\n\n<style type=\"text\/css\" data-created_by=\"avia_inline_auto\" id=\"style-css-av-mgvpe-a9bd653d703a0722f1d598444bb8b470\">\n.flex_column.av-mgvpe-a9bd653d703a0722f1d598444bb8b470{\nborder-radius:0px 0px 0px 0px;\npadding:0px 0px 0px 0px;\n}\n<\/style>\n<div  class='flex_column av-mgvpe-a9bd653d703a0722f1d598444bb8b470 av_three_fifth  avia-builder-el-2  el_after_av_two_fifth  el_before_av_one_full  flex_column_div av-zero-column-padding'     ><section  class='av_textblock_section av-jw5z8nwq-3fc3f88aabc1c6022c7ea0c6bc44c560'   itemscope=\"itemscope\" itemtype=\"https:\/\/schema.org\/CreativeWork\" ><div class='avia_textblock'  itemprop=\"text\" ><h2>Linearlager China Lieferanten<\/h2>\n<\/div><\/section><br \/>\n<section  class='av_textblock_section av-jw5z8nwq-3fc3f88aabc1c6022c7ea0c6bc44c560'   itemscope=\"itemscope\" itemtype=\"https:\/\/schema.org\/CreativeWork\" ><div class='avia_textblock'  itemprop=\"text\" ><p><span style=\"font-size: 12pt;\"><strong>Detaillierte Beschreibung:<\/strong><\/span><\/p>\n<p>Serien: LM, LME, KH.<\/p>\n<p>Linearkugellager und Lineargleitlager sind in offener oder geschlossener Ausf\u00fchrung erh\u00e4ltlich. Die offene Ausf\u00fchrung hat einen Segmentausschnitt und ist f\u00fcr unterst\u00fctzte Wellen vorgesehen. Einige Baureihen erm\u00f6glichen in Verbindung mit den entsprechenden Geh\u00e4usen die Einstellung der Radialluft, um spielfreie oder vorgespannte F\u00fchrungen zu erreichen.<\/p>\n<\/div><\/section><br \/>\n<section  class='av_textblock_section av-jw5zflrb-7fe0a88b96018078f3ea54a5e420d040'   itemscope=\"itemscope\" itemtype=\"https:\/\/schema.org\/CreativeWork\" ><div class='avia_textblock'  itemprop=\"text\" ><p><strong><b>Eigenschaften<\/b><\/strong><\/p>\n<ul>\n<li>Linearlager und Linearlager-Geh\u00e4use-Einheiten gibt es in den Ausf\u00fchrungen Kompaktlager, Leichtlager, Schwerlastlager, gedrehte Lager und Gleitlager. Die Lager k\u00f6nnen hohe Lasten bei relativ geringer Masse aufnehmen und erm\u00f6glichen den Bau von Linearf\u00fchrungen mit unbegrenztem Verfahrweg.<\/li>\n<li>Jede Baureihe hat ganz spezifische Eigenschaften, die sie f\u00fcr bestimmte Anwendungen besonders geeignet machen. Dazu geh\u00f6ren z.B. Anforderungen an den Ausgleich von Fluchtungsfehlern, reibungsarmer Lauf, hohe Beschleunigungen und Verfahrgeschwindigkeiten oder lange Lebensdauer.<\/li>\n<\/ul>\n<p>(3) Das nach einem modularen Konzept aufgebaute und erweiterte Programm bietet f\u00fcr jede Anwendung die technisch und wirtschaftlich beste L\u00f6sung f\u00fcr Lagerungen mit Wellenf\u00fchrungen.<\/p>\n<\/div><\/section><\/p><\/div>\n\n<style type=\"text\/css\" data-created_by=\"avia_inline_auto\" id=\"style-css-av-hjmj6-cd0231623af0b3183921e1b0c7355e6d\">\n.flex_column.av-hjmj6-cd0231623af0b3183921e1b0c7355e6d{\nborder-radius:0px 0px 0px 0px;\npadding:0px 0px 0px 0px;\n}\n<\/style>\n<div  class='flex_column av-hjmj6-cd0231623af0b3183921e1b0c7355e6d av_one_full  avia-builder-el-6  el_after_av_three_fifth  avia-builder-el-last  first flex_column_div av-zero-column-padding'     ><section  class='av_textblock_section av-jw5zguos-9569b70affda079f6220b08f0faa71c4'   itemscope=\"itemscope\" itemtype=\"https:\/\/schema.org\/CreativeWork\" ><div class='avia_textblock'  itemprop=\"text\" ><h3>Relate Linearlager Produkte<\/h3>\n<\/div><\/section><br \/>\n\n<style type=\"text\/css\" data-created_by=\"avia_inline_auto\" id=\"style-css-av-jw5zhqxn-69cdc7275bce40791406456b20e8b8d1\">\n#top .hr.av-jw5zhqxn-69cdc7275bce40791406456b20e8b8d1{\nmargin-top:2px;\nmargin-bottom:2px;\n}\n.hr.av-jw5zhqxn-69cdc7275bce40791406456b20e8b8d1 .hr-inner{\nwidth:160px;\nborder-color:#a81010;\n}\n<\/style>\n<div  class='hr av-jw5zhqxn-69cdc7275bce40791406456b20e8b8d1 hr-custom  avia-builder-el-8  el_after_av_textblock  el_before_av_portfolio  avia-builder-el-last  hr-left hr-icon-no'><span class='hr-inner inner-border-av-border-fat'><span class=\"hr-inner-style\"><\/span><\/span><\/div><br \/>\n<\/p><\/div>","protected":false},"excerpt":{"rendered":"","protected":false},"author":1,"featured_media":0,"parent":0,"menu_order":0,"comment_status":"closed","ping_status":"closed","template":"","meta":{"footnotes":""},"class_list":["post-483","page","type-page","status-publish","hentry"],"_links":{"self":[{"href":"https:\/\/www.jntxgroup.com\/de\/wp-json\/wp\/v2\/pages\/483","targetHints":{"allow":["GET"]}}],"collection":[{"href":"https:\/\/www.jntxgroup.com\/de\/wp-json\/wp\/v2\/pages"}],"about":[{"href":"https:\/\/www.jntxgroup.com\/de\/wp-json\/wp\/v2\/types\/page"}],"author":[{"embeddable":true,"href":"https:\/\/www.jntxgroup.com\/de\/wp-json\/wp\/v2\/users\/1"}],"replies":[{"embeddable":true,"href":"https:\/\/www.jntxgroup.com\/de\/wp-json\/wp\/v2\/comments?post=483"}],"version-history":[{"count":5,"href":"https:\/\/www.jntxgroup.com\/de\/wp-json\/wp\/v2\/pages\/483\/revisions"}],"predecessor-version":[{"id":497,"href":"https:\/\/www.jntxgroup.com\/de\/wp-json\/wp\/v2\/pages\/483\/revisions\/497"}],"wp:attachment":[{"href":"https:\/\/www.jntxgroup.com\/de\/wp-json\/wp\/v2\/media?parent=483"}],"curies":[{"name":"wp","href":"https:\/\/api.w.org\/{rel}","templated":true}]}}