{"id":256,"date":"2019-05-27T22:15:54","date_gmt":"2019-05-27T14:15:54","guid":{"rendered":"https:\/\/www.jntxgroup.com\/?page_id=256"},"modified":"2019-05-27T22:15:54","modified_gmt":"2019-05-27T14:15:54","slug":"faq","status":"publish","type":"page","link":"https:\/\/www.jntxgroup.com\/de\/faq\/","title":{"rendered":"FAQ"},"content":{"rendered":"<style type=\"text\/css\" data-created_by=\"avia_inline_auto\" id=\"style-css-av-av_one_full-25347b0a799d5b9f7058434b2a9c3182\">\n.flex_column.av-av_one_full-25347b0a799d5b9f7058434b2a9c3182{\nborder-radius:0px 0px 0px 0px;\npadding:0px 0px 0px 0px;\n}\n<\/style>\n<div  class='flex_column av-av_one_full-25347b0a799d5b9f7058434b2a9c3182 av_one_full  avia-builder-el-0  avia-builder-el-no-sibling  first flex_column_div av-zero-column-padding'     ><div  class='togglecontainer av-jw6gfkq4-55f580b19f695711f27ee7fdf3d0e3bd  avia-builder-el-1  avia-builder-el-no-sibling' >\n<section class='av_toggle_section av-av_toggle-33c84525a470d94284ea31b59fe7efc3'  itemscope=\"itemscope\" itemtype=\"https:\/\/schema.org\/CreativeWork\" ><div role=\"tablist\" class=\"single_toggle\" data-tags=\"{Alle} \"  ><p data-fake-id='#toggle-id-1' class='toggler'  itemprop=\"headline\"  role='tab' tabindex='0' aria-controls='toggle-id-1'>F: Muss das Lager vor dem Einbau gereinigt werden?<span class=\"toggle_icon\"><span class=\"vert_icon\"><\/span><span class=\"hor_icon\"><\/span><\/span><\/p><div id='toggle-id-1' class='toggle_wrap'  ><div class='toggle_content invers-color'  itemprop=\"text\" ><p><span style=\"font-size: 12pt;\">A: Die Oberfl\u00e4che der Lager ist mit Rostschutz\u00f6l beschichtet, daher m\u00fcssen wir sie vor dem Einbau reinigen. Die abgedichteten Lager m\u00fcssen jedoch vor dem Einbau nicht gereinigt werden.<\/span><\/p>\n<\/div><\/div><\/div><\/section>\n<section class='av_toggle_section av-av_toggle-bfe656982372ce5f9c5b277708437341'  itemscope=\"itemscope\" itemtype=\"https:\/\/schema.org\/CreativeWork\" ><div role=\"tablist\" class=\"single_toggle\" data-tags=\"{Alle} \"  ><p data-fake-id='#toggle-id-2' class='toggler'  itemprop=\"headline\"  role='tab' tabindex='0' aria-controls='toggle-id-2'>Q: Wie kann man die Lager auf Lager halten? <span class=\"toggle_icon\"><span class=\"vert_icon\"><\/span><span class=\"hor_icon\"><\/span><\/span><\/p><div id='toggle-id-2' class='toggle_wrap'  ><div class='toggle_content invers-color'  itemprop=\"text\" ><p><span style=\"font-size: 12pt;\">A: 1. Blasen Sie die Lager mit Druckluft aus.<\/span><br \/>\n<span style=\"font-size: 12pt;\">2. Geben Sie einen leichten Tropfen \u00d6l auf die Lager.<\/span><br \/>\n<span style=\"font-size: 12pt;\">3. Drehen Sie die Lager, um sicherzustellen, dass sie nicht zu grob sind, um sie zu wiederholen.<\/span><\/p>\n<\/div><\/div><\/div><\/section>\n<section class='av_toggle_section av-av_toggle-f1cc09249f37c238d2e10ff405014e66'  itemscope=\"itemscope\" itemtype=\"https:\/\/schema.org\/CreativeWork\" ><div role=\"tablist\" class=\"single_toggle\" data-tags=\"{Alle} \"  ><p data-fake-id='#toggle-id-3' class='toggler'  itemprop=\"headline\"  role='tab' tabindex='0' aria-controls='toggle-id-3'>F: K\u00f6nnen wir die Lager individuell gestalten?<span class=\"toggle_icon\"><span class=\"vert_icon\"><\/span><span class=\"hor_icon\"><\/span><\/span><\/p><div id='toggle-id-3' class='toggle_wrap'  ><div class='toggle_content invers-color'  itemprop=\"text\" ><p><span style=\"font-size: 12pt;\">A: Ja, sicher. Wir k\u00f6nnen die Lager als Ihre Anforderungen anpassen. Sie m\u00fcssen uns einige technische Daten wie Dimension, Marke und so weiter zur Verf\u00fcgung stellen.<\/span><\/p>\n<\/div><\/div><\/div><\/section>\n<section class='av_toggle_section av-av_toggle-7b6bc88b328a651e5f34ba5393dfc59a'  itemscope=\"itemscope\" itemtype=\"https:\/\/schema.org\/CreativeWork\" ><div role=\"tablist\" class=\"single_toggle\" data-tags=\"{Alle} \"  ><p data-fake-id='#toggle-id-4' class='toggler'  itemprop=\"headline\"  role='tab' tabindex='0' aria-controls='toggle-id-4'>F: Gibt es einen Rabatt?<span class=\"toggle_icon\"><span class=\"vert_icon\"><\/span><span class=\"hor_icon\"><\/span><\/span><\/p><div id='toggle-id-4' class='toggle_wrap'  ><div class='toggle_content invers-color'  itemprop=\"text\" ><p><span style=\"font-size: 12pt;\">A: Da wir H\u00e4ndler sind, ist unsere Politik, dass je gr\u00f6\u00dfer die Bestellung, desto h\u00f6her der Rabatt sein wird. So werden wir Ihnen einen Rabatt nach Ihrer Bestellung geben.<\/span><\/p>\n<\/div><\/div><\/div><\/section>\n<section class='av_toggle_section av-av_toggle-d2975b9c23ee7d7139c37e33ad89f0aa'  itemscope=\"itemscope\" itemtype=\"https:\/\/schema.org\/CreativeWork\" ><div role=\"tablist\" class=\"single_toggle\" data-tags=\"{Alle} \"  ><p data-fake-id='#toggle-id-5' class='toggler'  itemprop=\"headline\"  role='tab' tabindex='0' aria-controls='toggle-id-5'>F: Bieten Sie einen Kundendienst an\uff1f<span class=\"toggle_icon\"><span class=\"vert_icon\"><\/span><span class=\"hor_icon\"><\/span><\/span><\/p><div id='toggle-id-5' class='toggle_wrap'  ><div class='toggle_content invers-color'  itemprop=\"text\" ><p><span style=\"font-size: 12pt;\">A: Ja, wir sind ein professioneller Lagerlieferant. Wir sind seit 20 Jahren in diesem Gesch\u00e4ft t\u00e4tig und haben viele technische Ingenieure, die \u00fcber professionelles Wissen und Technik verf\u00fcgen. Wir bieten Ihnen technische Unterst\u00fctzung und beantworten jede Frage, die Sie konfrontiert werden k\u00f6nnen.<\/span><\/p>\n<\/div><\/div><\/div><\/section>\n<\/div><\/div>","protected":false},"excerpt":{"rendered":"","protected":false},"author":1,"featured_media":0,"parent":0,"menu_order":0,"comment_status":"closed","ping_status":"closed","template":"","meta":{"footnotes":""},"class_list":["post-256","page","type-page","status-publish","hentry"],"_links":{"self":[{"href":"https:\/\/www.jntxgroup.com\/de\/wp-json\/wp\/v2\/pages\/256","targetHints":{"allow":["GET"]}}],"collection":[{"href":"https:\/\/www.jntxgroup.com\/de\/wp-json\/wp\/v2\/pages"}],"about":[{"href":"https:\/\/www.jntxgroup.com\/de\/wp-json\/wp\/v2\/types\/page"}],"author":[{"embeddable":true,"href":"https:\/\/www.jntxgroup.com\/de\/wp-json\/wp\/v2\/users\/1"}],"replies":[{"embeddable":true,"href":"https:\/\/www.jntxgroup.com\/de\/wp-json\/wp\/v2\/comments?post=256"}],"version-history":[{"count":0,"href":"https:\/\/www.jntxgroup.com\/de\/wp-json\/wp\/v2\/pages\/256\/revisions"}],"wp:attachment":[{"href":"https:\/\/www.jntxgroup.com\/de\/wp-json\/wp\/v2\/media?parent=256"}],"curies":[{"name":"wp","href":"https:\/\/api.w.org\/{rel}","templated":true}]}}