{"id":19,"date":"2019-05-15T22:22:25","date_gmt":"2019-05-15T14:22:25","guid":{"rendered":"https:\/\/www.jntxgroup.com\/?page_id=19"},"modified":"2022-12-06T13:44:11","modified_gmt":"2022-12-06T05:44:11","slug":"about-tengxiao","status":"publish","type":"page","link":"https:\/\/www.jntxgroup.com\/de\/about-tengxiao\/","title":{"rendered":"\u00dcber TengXiao"},"content":{"rendered":"<style type=\"text\/css\" data-created_by=\"avia_inline_auto\" id=\"style-css-av-13fjb-e6fa87ad05465b14b25e19fbfa166c6f\">\n.flex_column.av-13fjb-e6fa87ad05465b14b25e19fbfa166c6f{\nborder-radius:0px 0px 0px 0px;\npadding:0px 0px 0px 0px;\n}\n<\/style>\n<div  class='flex_column av-13fjb-e6fa87ad05465b14b25e19fbfa166c6f av_one_full  avia-builder-el-0  avia-builder-el-no-sibling  first flex_column_div av-zero-column-padding'     ><section  class='av_textblock_section av-jw1qztgu-87c187c73c34da8707fb906154457b28'   itemscope=\"itemscope\" itemtype=\"https:\/\/schema.org\/CreativeWork\" ><div class='avia_textblock'  itemprop=\"text\" ><p><span style=\"font-size: 12pt;\">Die Tengxiao Group ist seit mehr als 20 Jahren im Vertrieb und Service von W\u00e4lzlagern t\u00e4tig und ist bestrebt, durch sorgf\u00e4ltige Ber\u00fccksichtigung der individuellen Bed\u00fcrfnisse ihrer Kunden starke und dauerhafte Gesch\u00e4ftsbeziehungen zu entwickeln.<img loading=\"lazy\" decoding=\"async\" class=\"wp-image-478 alignright\" src=\"https:\/\/www.jntxgroup.com\/wp-content\/uploads\/2022\/12\/Tengxiao-Company-5.jpg\" alt=\"Tengxiao Company (5)\" width=\"353\" height=\"235\" srcset=\"https:\/\/www.jntxgroup.com\/wp-content\/uploads\/2022\/12\/Tengxiao-Company-5.jpg 600w, https:\/\/www.jntxgroup.com\/wp-content\/uploads\/2022\/12\/Tengxiao-Company-5-300x200.jpg 300w\" sizes=\"auto, (max-width: 353px) 100vw, 353px\" \/><\/span><\/p>\n<p><span style=\"font-size: 12pt;\">Der Hauptsitz der Tengxiao-Gruppe wurde in Peking-Beijing Skner Technology Co. gegr\u00fcndet, Ltd. Es gibt 2 Fabriken in der Lagerindustrie Basis von Liaocheng und Wafangdian, 6 inl\u00e4ndischen Handel Vertriebsgesellschaften im ganzen Land, ein unabh\u00e4ngiges Netzwerk Vertriebsplattform namens ZGW, mehr als 2.000 Mitglieder entwickelt. Das Import- und Exportunternehmen Jinan Tengxiao Trading Co. Ltd. verkauft seine Produkte in die ganze Welt, z. B. in die Vereinigten Staaten, nach Brasilien, Russland, in die Ukraine, nach Italien, S\u00fcdkorea, Indien, S\u00fcdafrika usw. Der Jahresumsatz des Unternehmens bel\u00e4uft sich auf 20 Millionen US-Dollar.<\/span><\/p>\n<p><span style=\"font-size: 12pt;\">Seit 2004 vertreten wir die bekannte inl\u00e4ndische Marke TWB. Je nach den Qualit\u00e4tsanforderungen der verschiedenen Kunden kann unsere eigene Marke ZVQ.ZVS.ZVJ- die Importe ersetzen. Die meistverkauften Marken in China sind H&amp;K.L&amp;F.TBW.H&amp;J.ZVT. Die exportspezifische Marke ist ZVE. Das Unternehmen vertreibt auch weltbekannte Marken wie NSK, NTN, NACHI (Japan), FAG, INA (Deutschland), TIMKEN (USA) und SKF (Schweden) sowie ZWZ, HRB, LYC. , C&amp;U, ZWA, HCH (China) \u00fcber unsere APP. Gleichzeitig f\u00fchren wir auch OEM- und ODM-Projekte durch.<\/span><\/p>\n<p><span style=\"font-size: 12pt;\">Wir expandieren von Jahr zu Jahr und unsere Produkte umfassen alle Arten von Lagern: Kugellager und Rollenlager. Chromstahl-Lager, Edelstahl-Lager, keramische Lager etc.<\/span><\/p>\n<p><strong><span style=\"font-size: 12pt;\">EXPORT HEISSER VERKAUF :<img loading=\"lazy\" decoding=\"async\" class=\"wp-image-318 alignright\" src=\"https:\/\/www.jntxgroup.com\/wp-content\/uploads\/2019\/05\/TENGXIAO-Factory-02.jpg\" alt=\"TENGXIAO Factory 02\" width=\"353\" height=\"235\" srcset=\"https:\/\/www.jntxgroup.com\/wp-content\/uploads\/2019\/05\/TENGXIAO-Factory-02.jpg 800w, https:\/\/www.jntxgroup.com\/wp-content\/uploads\/2019\/05\/TENGXIAO-Factory-02-300x200.jpg 300w, https:\/\/www.jntxgroup.com\/wp-content\/uploads\/2019\/05\/TENGXIAO-Factory-02-768x512.jpg 768w, https:\/\/www.jntxgroup.com\/wp-content\/uploads\/2019\/05\/TENGXIAO-Factory-02-705x470.jpg 705w, https:\/\/www.jntxgroup.com\/wp-content\/uploads\/2019\/05\/TENGXIAO-Factory-02-450x300.jpg 450w\" sizes=\"auto, (max-width: 353px) 100vw, 353px\" \/><\/span><\/strong><\/p>\n<ul>\n<li><span style=\"font-size: 12pt;\">Rillenkugellager<\/span><\/li>\n<li><span style=\"font-size: 12pt;\">Pendelrollenlager<\/span><\/li>\n<li><span style=\"font-size: 12pt;\">Stehlager<\/span><\/li>\n<li><span style=\"font-size: 12pt;\">Kegelrollenlager<\/span><\/li>\n<li><span style=\"font-size: 12pt;\">Axial-Kugellager<\/span><\/li>\n<\/ul>\n<p><strong><span style=\"font-size: 12pt;\">Qualit\u00e4t und Service sind bei der Tengxiao-Gruppe Tradition.<\/span><\/strong><\/p>\n<p><span style=\"font-size: 12pt;\">Wir helfen unseren Kunden immer, die richtige Wahl unter Hunderten von Fabriken in China zu treffen. Jedes Produkt muss von unserer eigenen Qualit\u00e4tskontrollabteilung vor dem Verladen gepr\u00fcft werden.<\/span><\/p>\n<p><span style=\"font-size: 12pt;\">Sie haben immer gez\u00f6gert, mit einem neuen zertifizierten Unternehmen voranzukommen. Sie machen sich immer Sorgen um Ihre Anzahlung, die Qualit\u00e4t Ihrer Produkte und sind sich nicht sicher, ob Ihre Fabriken Ihre Vorlaufzeit einhalten k\u00f6nnen. Aber mit Tengxiao People brauchen Sie sich keine Sorgen zu machen. Wir k\u00fcmmern uns um alles f\u00fcr Sie in China.<\/span><\/p>\n<p><span style=\"font-size: 12pt;\">Nochmals vielen Dank an alle, die uns \u00fcber die Jahre hinweg unterst\u00fctzt haben, denn ohne Ihre Unterst\u00fctzung sind wir nichts.<\/span><\/p>\n<\/div><\/section><\/div>","protected":false},"excerpt":{"rendered":"","protected":false},"author":1,"featured_media":0,"parent":0,"menu_order":0,"comment_status":"closed","ping_status":"closed","template":"","meta":{"footnotes":""},"class_list":["post-19","page","type-page","status-publish","hentry"],"_links":{"self":[{"href":"https:\/\/www.jntxgroup.com\/de\/wp-json\/wp\/v2\/pages\/19","targetHints":{"allow":["GET"]}}],"collection":[{"href":"https:\/\/www.jntxgroup.com\/de\/wp-json\/wp\/v2\/pages"}],"about":[{"href":"https:\/\/www.jntxgroup.com\/de\/wp-json\/wp\/v2\/types\/page"}],"author":[{"embeddable":true,"href":"https:\/\/www.jntxgroup.com\/de\/wp-json\/wp\/v2\/users\/1"}],"replies":[{"embeddable":true,"href":"https:\/\/www.jntxgroup.com\/de\/wp-json\/wp\/v2\/comments?post=19"}],"version-history":[{"count":2,"href":"https:\/\/www.jntxgroup.com\/de\/wp-json\/wp\/v2\/pages\/19\/revisions"}],"predecessor-version":[{"id":480,"href":"https:\/\/www.jntxgroup.com\/de\/wp-json\/wp\/v2\/pages\/19\/revisions\/480"}],"wp:attachment":[{"href":"https:\/\/www.jntxgroup.com\/de\/wp-json\/wp\/v2\/media?parent=19"}],"curies":[{"name":"wp","href":"https:\/\/api.w.org\/{rel}","templated":true}]}}