{"id":147,"date":"2019-05-24T16:29:22","date_gmt":"2019-05-24T08:29:22","guid":{"rendered":"https:\/\/www.jntxgroup.com\/?page_id=147"},"modified":"2019-05-27T16:17:26","modified_gmt":"2019-05-27T08:17:26","slug":"thrust-ball-bearing","status":"publish","type":"page","link":"https:\/\/www.jntxgroup.com\/de\/thrust-ball-bearing\/","title":{"rendered":"Axial-Kugellager"},"content":{"rendered":"<style type=\"text\/css\" data-created_by=\"avia_inline_auto\" id=\"style-css-av-os4ma-f66c819dec306a83bdeb86f6766a5430\">\n.flex_column.av-os4ma-f66c819dec306a83bdeb86f6766a5430{\nborder-radius:0px 0px 0px 0px;\npadding:0px 0px 0px 0px;\n}\n<\/style>\n<div  class='flex_column av-os4ma-f66c819dec306a83bdeb86f6766a5430 av_two_fifth  avia-builder-el-0  el_before_av_three_fifth  avia-builder-el-first  first flex_column_div av-zero-column-padding'     ><style type=\"text\/css\" data-created_by=\"avia_inline_auto\" id=\"style-css-av-jw5zey2v-4bfdd63f8c81749f706afae314f9a800\">\n.avia-image-container.av-jw5zey2v-4bfdd63f8c81749f706afae314f9a800 img.avia_image{\nbox-shadow:none;\n}\n.avia-image-container.av-jw5zey2v-4bfdd63f8c81749f706afae314f9a800 .av-image-caption-overlay-center{\ncolor:#ffffff;\n}\n<\/style>\n<div  class='avia-image-container av-jw5zey2v-4bfdd63f8c81749f706afae314f9a800 av-styling- avia-align-center  avia-builder-el-1  avia-builder-el-no-sibling'   itemprop=\"image\" itemscope=\"itemscope\" itemtype=\"https:\/\/schema.org\/ImageObject\" ><div class=\"avia-image-container-inner\"><div class=\"avia-image-overlay-wrap\"><img decoding=\"async\" fetchpriority=\"high\" class='wp-image-114 avia-img-lazy-loading-not-114 avia_image' src=\"https:\/\/www.jntxgroup.com\/wp-content\/uploads\/2019\/05\/Thrust-Ball-Bearing.jpg\" alt='Thrust Ball Bearing' title='Axial-Kugellager'  height=\"800\" width=\"800\"  itemprop=\"thumbnailUrl\" srcset=\"https:\/\/www.jntxgroup.com\/wp-content\/uploads\/2019\/05\/Thrust-Ball-Bearing.jpg 800w, https:\/\/www.jntxgroup.com\/wp-content\/uploads\/2019\/05\/Thrust-Ball-Bearing-80x80.jpg 80w, https:\/\/www.jntxgroup.com\/wp-content\/uploads\/2019\/05\/Thrust-Ball-Bearing-300x300.jpg 300w, https:\/\/www.jntxgroup.com\/wp-content\/uploads\/2019\/05\/Thrust-Ball-Bearing-768x768.jpg 768w, https:\/\/www.jntxgroup.com\/wp-content\/uploads\/2019\/05\/Thrust-Ball-Bearing-36x36.jpg 36w, https:\/\/www.jntxgroup.com\/wp-content\/uploads\/2019\/05\/Thrust-Ball-Bearing-180x180.jpg 180w, https:\/\/www.jntxgroup.com\/wp-content\/uploads\/2019\/05\/Thrust-Ball-Bearing-705x705.jpg 705w, https:\/\/www.jntxgroup.com\/wp-content\/uploads\/2019\/05\/Thrust-Ball-Bearing-120x120.jpg 120w, https:\/\/www.jntxgroup.com\/wp-content\/uploads\/2019\/05\/Thrust-Ball-Bearing-450x450.jpg 450w\" sizes=\"(max-width: 800px) 100vw, 800px\" \/><\/div><\/div><\/div><\/div>\n<style type=\"text\/css\" data-created_by=\"avia_inline_auto\" id=\"style-css-av-mgvpe-a9bd653d703a0722f1d598444bb8b470\">\n.flex_column.av-mgvpe-a9bd653d703a0722f1d598444bb8b470{\nborder-radius:0px 0px 0px 0px;\npadding:0px 0px 0px 0px;\n}\n<\/style>\n<div  class='flex_column av-mgvpe-a9bd653d703a0722f1d598444bb8b470 av_three_fifth  avia-builder-el-2  el_after_av_two_fifth  el_before_av_one_full  flex_column_div av-zero-column-padding'     ><section  class='av_textblock_section av-jw5z8nwq-ef9b3d142fbc5ef42941a6ffa63d5131'   itemscope=\"itemscope\" itemtype=\"https:\/\/schema.org\/CreativeWork\" ><div class='avia_textblock'  itemprop=\"text\" ><h2>Axialkugellager China Lieferanten<\/h2>\n<\/div><\/section><br \/>\n<section  class='av_textblock_section av-jw5z8nwq-ef9b3d142fbc5ef42941a6ffa63d5131'   itemscope=\"itemscope\" itemtype=\"https:\/\/schema.org\/CreativeWork\" ><div class='avia_textblock'  itemprop=\"text\" ><p><strong><span style=\"font-size: 12pt;\">Detaillierte Beschreibung:<\/span><\/strong><\/p>\n<p><span style=\"font-size: 12pt;\">Series\uff1a51100,51200,51300,51400,23900,29400<\/span><\/p>\n<p><span style=\"font-size: 12pt;\">Axialkugellager gibt es in zwei Ausf\u00fchrungen: einseitig wirkende und zweiseitig wirkende.  Die einseitig wirkende Ausf\u00fchrung besteht aus zwei Ringen, die als Wellen- und Geh\u00e4usescheiben bezeichnet werden, und einem einzigen Kugelkranz. Die zweiseitig wirkende Ausf\u00fchrung hingegen besteht aus drei Scheiben und zwei Kugelkr\u00e4nzen. Die Kugelkr\u00e4nze der zweiseitig wirkenden Ausf\u00fchrung sind durch die Wellenscheibe getrennt.<\/span><\/p>\n<\/div><\/section><\/p><\/div>\n<style type=\"text\/css\" data-created_by=\"avia_inline_auto\" id=\"style-css-av-hjmj6-cd0231623af0b3183921e1b0c7355e6d\">\n.flex_column.av-hjmj6-cd0231623af0b3183921e1b0c7355e6d{\nborder-radius:0px 0px 0px 0px;\npadding:0px 0px 0px 0px;\n}\n<\/style>\n<div  class='flex_column av-hjmj6-cd0231623af0b3183921e1b0c7355e6d av_one_full  avia-builder-el-5  el_after_av_three_fifth  avia-builder-el-last  first flex_column_div av-zero-column-padding'     ><section  class='av_textblock_section av-jw5zguos-f20e0f6fd5f5db85db0bd8b56cbb186c'   itemscope=\"itemscope\" itemtype=\"https:\/\/schema.org\/CreativeWork\" ><div class='avia_textblock'  itemprop=\"text\" ><h3>Relate Schubkugellager Produkte<\/h3>\n<\/div><\/section><br \/>\n\n<style type=\"text\/css\" data-created_by=\"avia_inline_auto\" id=\"style-css-av-jw5zhqxn-69cdc7275bce40791406456b20e8b8d1\">\n#top .hr.av-jw5zhqxn-69cdc7275bce40791406456b20e8b8d1{\nmargin-top:2px;\nmargin-bottom:2px;\n}\n.hr.av-jw5zhqxn-69cdc7275bce40791406456b20e8b8d1 .hr-inner{\nwidth:160px;\nborder-color:#a81010;\n}\n<\/style>\n<div  class='hr av-jw5zhqxn-69cdc7275bce40791406456b20e8b8d1 hr-custom  avia-builder-el-7  el_after_av_textblock  el_before_av_portfolio  avia-builder-el-last  hr-left hr-icon-no'><span class='hr-inner inner-border-av-border-fat'><span class=\"hr-inner-style\"><\/span><\/span><\/div><br \/>\n<\/p><\/div><\/p>","protected":false},"excerpt":{"rendered":"","protected":false},"author":1,"featured_media":0,"parent":0,"menu_order":0,"comment_status":"closed","ping_status":"closed","template":"","meta":{"footnotes":""},"class_list":["post-147","page","type-page","status-publish","hentry"],"_links":{"self":[{"href":"https:\/\/www.jntxgroup.com\/de\/wp-json\/wp\/v2\/pages\/147","targetHints":{"allow":["GET"]}}],"collection":[{"href":"https:\/\/www.jntxgroup.com\/de\/wp-json\/wp\/v2\/pages"}],"about":[{"href":"https:\/\/www.jntxgroup.com\/de\/wp-json\/wp\/v2\/types\/page"}],"author":[{"embeddable":true,"href":"https:\/\/www.jntxgroup.com\/de\/wp-json\/wp\/v2\/users\/1"}],"replies":[{"embeddable":true,"href":"https:\/\/www.jntxgroup.com\/de\/wp-json\/wp\/v2\/comments?post=147"}],"version-history":[{"count":0,"href":"https:\/\/www.jntxgroup.com\/de\/wp-json\/wp\/v2\/pages\/147\/revisions"}],"wp:attachment":[{"href":"https:\/\/www.jntxgroup.com\/de\/wp-json\/wp\/v2\/media?parent=147"}],"curies":[{"name":"wp","href":"https:\/\/api.w.org\/{rel}","templated":true}]}}